{"id":10,"date":"2021-05-12T05:15:20","date_gmt":"2021-05-12T05:15:20","guid":{"rendered":"http:\/\/leclosdesconfidences.com\/logement\/"},"modified":"2023-05-08T19:49:46","modified_gmt":"2023-05-08T19:49:46","slug":"logement","status":"publish","type":"page","link":"http:\/\/leclosdesconfidences.com\/en\/logement\/","title":{"rendered":"ROOMS"},"content":{"rendered":"<div class=\"wp-block-cover alignfull\" style=\"min-height:755px;aspect-ratio:unset;\"><span aria-hidden=\"true\" class=\"wp-block-cover__background has-ast-global-color-0-background-color has-background-dim-60 has-background-dim\"><\/span><img loading=\"lazy\" decoding=\"async\" width=\"2560\" height=\"1689\" class=\"wp-block-cover__image-background wp-image-458\" alt=\"\" src=\"http:\/\/leclosdesconfidences.com\/wp-content\/uploads\/2023\/03\/bundle-of-lavender-against-a-yellow-backdrop-scaled.jpeg\" data-object-fit=\"cover\" srcset=\"https:\/\/leclosdesconfidences.com\/wp-content\/uploads\/2023\/03\/bundle-of-lavender-against-a-yellow-backdrop-scaled.jpeg 2560w, https:\/\/leclosdesconfidences.com\/wp-content\/uploads\/2023\/03\/bundle-of-lavender-against-a-yellow-backdrop-300x198.jpeg 300w, https:\/\/leclosdesconfidences.com\/wp-content\/uploads\/2023\/03\/bundle-of-lavender-against-a-yellow-backdrop-1024x676.jpeg 1024w, https:\/\/leclosdesconfidences.com\/wp-content\/uploads\/2023\/03\/bundle-of-lavender-against-a-yellow-backdrop-768x507.jpeg 768w, https:\/\/leclosdesconfidences.com\/wp-content\/uploads\/2023\/03\/bundle-of-lavender-against-a-yellow-backdrop-1536x1014.jpeg 1536w, https:\/\/leclosdesconfidences.com\/wp-content\/uploads\/2023\/03\/bundle-of-lavender-against-a-yellow-backdrop-2048x1351.jpeg 2048w, https:\/\/leclosdesconfidences.com\/wp-content\/uploads\/2023\/03\/bundle-of-lavender-against-a-yellow-backdrop-18x12.jpeg 18w\" sizes=\"auto, (max-width: 2560px) 100vw, 2560px\" \/><div class=\"wp-block-cover__inner-container is-layout-flow wp-block-cover-is-layout-flow\">\n<p><\/p>\n\n\n\n<h1 class=\"wp-block-heading has-white-color has-text-color\"><br>AN ACCOMODATION,<br>IN THE HEART OF GRIGNAN<\/h1>\n\n\n\n<p><br>This pretty 55m2 duplex has a lot of charm and character!<br><br>Freshly renovated, we have favored noble and natural materials: Egyptian stone, travertine, wood, stone, iron... In order to make it a revitalizing and inspiring place. We wanted to sublimate this place, while retaining its soul of yesteryear.<br><br>Spacious and independent, it is perfect for a romantic getaway: fitted kitchen, living room, 15m2 bedroom, luxury bathroom, WC.<br>The little extra? Its 25m2 outdoor courtyard, allowing you to easily enjoy the friendly and warm atmosphere of Provence.<\/p>\n<\/div><\/div>\n\n\n\n<div class=\"inherit-container-width wp-block-group alignfull has-ast-global-color-5-background-color has-background is-layout-constrained wp-block-group-is-layout-constrained\"><div class=\"wp-block-group__inner-container\">\n<div class=\"wp-block-columns alignwide are-vertically-aligned-bottom is-layout-flex wp-container-core-columns-is-layout-28f84493 wp-block-columns-is-layout-flex\">\n<div class=\"wp-block-column is-vertically-aligned-bottom is-layout-flow wp-block-column-is-layout-flow\">\n<h2 class=\"wp-block-heading has-text-align-left\">DISCOVER THE ACCOMMODATION<\/h2>\n\n\n\n<p>Through words and images, I invite you to visit this page to discover the Clos des Confidences\u2026<\/p>\n<\/div>\n\n\n\n<div class=\"wp-block-column is-vertically-aligned-bottom is-layout-flow wp-block-column-is-layout-flow\"><\/div>\n<\/div>\n\n\n\n<div class=\"wp-block-columns alignwide are-vertically-aligned-top is-layout-flex wp-container-core-columns-is-layout-28f84493 wp-block-columns-is-layout-flex\">\n<div class=\"wp-block-column is-vertically-aligned-top is-layout-flow wp-block-column-is-layout-flow\">\n<figure class=\"wp-block-image size-large\"><img loading=\"lazy\" decoding=\"async\" width=\"1024\" height=\"683\" src=\"http:\/\/leclosdesconfidences.com\/wp-content\/uploads\/2023\/05\/Exterieur-Duplex-JOUR-1024x683.jpg\" alt=\"\" class=\"wp-image-653\" srcset=\"https:\/\/leclosdesconfidences.com\/wp-content\/uploads\/2023\/05\/Exterieur-Duplex-JOUR-1024x683.jpg 1024w, https:\/\/leclosdesconfidences.com\/wp-content\/uploads\/2023\/05\/Exterieur-Duplex-JOUR-300x200.jpg 300w, https:\/\/leclosdesconfidences.com\/wp-content\/uploads\/2023\/05\/Exterieur-Duplex-JOUR-768x512.jpg 768w, https:\/\/leclosdesconfidences.com\/wp-content\/uploads\/2023\/05\/Exterieur-Duplex-JOUR-18x12.jpg 18w, https:\/\/leclosdesconfidences.com\/wp-content\/uploads\/2023\/05\/Exterieur-Duplex-JOUR.jpg 1200w\" sizes=\"auto, (max-width: 1024px) 100vw, 1024px\" \/><\/figure>\n\n\n\n<h3 class=\"wp-block-heading\">OUTSIDE<\/h3>\n\n\n\n<p>You enter by the small pedestrian street \"la rue des ch\u00e2taignes\", push the iron gate, and come across a pretty little interior courtyard, elegantly decorated.<br>You face the accommodation, with this pretty stone arch and this glass roof with the charm of yesteryear. You have arrived in Provence!<br>You cross the decor, and enter this 55m2 accommodation.<\/p>\n\n\n\n<div class=\"wp-block-buttons is-content-justification-center is-layout-flex wp-container-core-buttons-is-layout-a89b3969 wp-block-buttons-is-layout-flex\">\n<div class=\"wp-block-button\"><a class=\"wp-block-button__link wp-element-button\" href=\"http:\/\/leclosdesconfidences.com\/en\/exterieur\/\" target=\"_blank\" rel=\"noreferrer noopener\">MORE PICTURES<\/a><\/div>\n\n\n\n<div class=\"wp-block-button\"><a class=\"wp-block-button__link wp-element-button\" href=\"http:\/\/leclosdesconfidences.com\/en\/exterieur\/\" target=\"_blank\" rel=\"noreferrer noopener\">FURNITURE<\/a><\/div>\n<\/div>\n<\/div>\n\n\n\n<div class=\"wp-block-column is-vertically-aligned-top is-layout-flow wp-block-column-is-layout-flow\">\n<figure class=\"wp-block-image size-large\"><img loading=\"lazy\" decoding=\"async\" width=\"1024\" height=\"683\" src=\"http:\/\/leclosdesconfidences.com\/wp-content\/uploads\/2023\/05\/Interieur-Duplex-jour-1024x683.jpg\" alt=\"\" class=\"wp-image-654\" srcset=\"https:\/\/leclosdesconfidences.com\/wp-content\/uploads\/2023\/05\/Interieur-Duplex-jour-1024x683.jpg 1024w, https:\/\/leclosdesconfidences.com\/wp-content\/uploads\/2023\/05\/Interieur-Duplex-jour-300x200.jpg 300w, https:\/\/leclosdesconfidences.com\/wp-content\/uploads\/2023\/05\/Interieur-Duplex-jour-768x512.jpg 768w, https:\/\/leclosdesconfidences.com\/wp-content\/uploads\/2023\/05\/Interieur-Duplex-jour-18x12.jpg 18w, https:\/\/leclosdesconfidences.com\/wp-content\/uploads\/2023\/05\/Interieur-Duplex-jour.jpg 1200w\" sizes=\"auto, (max-width: 1024px) 100vw, 1024px\" \/><\/figure>\n\n\n\n<h3 class=\"wp-block-heading\">LIVING ROOM<\/h3>\n\n\n\n<p>A spacious living room with open and equipped kitchen invites you to take a seat and put down your belongings to put you at ease.<br>This 27m2 room with exposed beams and stone wall has a comfortable and cozy sofa. You will also find a television, wifi, phone, Netflix, a fully equipped kitchen\u2026 Everything is there!<\/p>\n\n\n\n<div class=\"wp-block-buttons is-content-justification-center is-layout-flex wp-container-core-buttons-is-layout-a89b3969 wp-block-buttons-is-layout-flex\">\n<div class=\"wp-block-button\"><a class=\"wp-block-button__link wp-element-button\" href=\"http:\/\/leclosdesconfidences.com\/en\/salon\/\" target=\"_blank\" rel=\"noreferrer noopener\">MORE PICTURES<\/a><\/div>\n\n\n\n<div class=\"wp-block-button\"><a class=\"wp-block-button__link wp-element-button\" href=\"http:\/\/leclosdesconfidences.com\/en\/salon\/\" target=\"_blank\" rel=\"noreferrer noopener\">FURNITURE<\/a><\/div>\n<\/div>\n<\/div>\n<\/div>\n\n\n\n<div class=\"wp-block-columns alignwide are-vertically-aligned-top is-layout-flex wp-container-core-columns-is-layout-28f84493 wp-block-columns-is-layout-flex\">\n<div class=\"wp-block-column is-vertically-aligned-top is-layout-flow wp-block-column-is-layout-flow\">\n<figure class=\"wp-block-image size-large\"><img loading=\"lazy\" decoding=\"async\" width=\"1024\" height=\"683\" src=\"http:\/\/leclosdesconfidences.com\/wp-content\/uploads\/2023\/05\/Chambre-Duplex-jour-1024x683.jpg\" alt=\"\" class=\"wp-image-655\" srcset=\"https:\/\/leclosdesconfidences.com\/wp-content\/uploads\/2023\/05\/Chambre-Duplex-jour-1024x683.jpg 1024w, https:\/\/leclosdesconfidences.com\/wp-content\/uploads\/2023\/05\/Chambre-Duplex-jour-300x200.jpg 300w, https:\/\/leclosdesconfidences.com\/wp-content\/uploads\/2023\/05\/Chambre-Duplex-jour-768x512.jpg 768w, https:\/\/leclosdesconfidences.com\/wp-content\/uploads\/2023\/05\/Chambre-Duplex-jour-18x12.jpg 18w, https:\/\/leclosdesconfidences.com\/wp-content\/uploads\/2023\/05\/Chambre-Duplex-jour.jpg 1200w\" sizes=\"auto, (max-width: 1024px) 100vw, 1024px\" \/><\/figure>\n\n\n\n<h3 class=\"wp-block-heading\">ROOM<\/h3>\n\n\n\n<p>Then, going upstairs, you will come across a small hallway leading to the spacious 15m2 bedroom, with a large lit wardrobe and a comfortable queen size bed (160cm). Something to rest a little after your journey which must have been long... A small sofa bed (1 place) can be used as an additional bed if needed. If you look out the window, you will see Lance Mountain:a beautiful hike in perspective.<\/p>\n\n\n\n<div class=\"wp-block-buttons is-content-justification-center is-layout-flex wp-container-core-buttons-is-layout-a89b3969 wp-block-buttons-is-layout-flex\">\n<div class=\"wp-block-button\"><a class=\"wp-block-button__link wp-element-button\" href=\"http:\/\/leclosdesconfidences.com\/en\/chambre\/\" target=\"_blank\" rel=\"noreferrer noopener\">MORE PICTURES<\/a><\/div>\n\n\n\n<div class=\"wp-block-button\"><a class=\"wp-block-button__link wp-element-button\" href=\"http:\/\/leclosdesconfidences.com\/en\/chambre\/\" target=\"_blank\" rel=\"noreferrer noopener\">FURNITURE<\/a><\/div>\n<\/div>\n<\/div>\n\n\n\n<div class=\"wp-block-column is-vertically-aligned-top is-layout-flow wp-block-column-is-layout-flow\">\n<figure class=\"wp-block-image size-large\"><img loading=\"lazy\" decoding=\"async\" width=\"1024\" height=\"683\" src=\"http:\/\/leclosdesconfidences.com\/wp-content\/uploads\/2023\/05\/SDB-Duplex-jour-1024x683.jpg\" alt=\"\" class=\"wp-image-656\" srcset=\"https:\/\/leclosdesconfidences.com\/wp-content\/uploads\/2023\/05\/SDB-Duplex-jour-1024x683.jpg 1024w, https:\/\/leclosdesconfidences.com\/wp-content\/uploads\/2023\/05\/SDB-Duplex-jour-300x200.jpg 300w, https:\/\/leclosdesconfidences.com\/wp-content\/uploads\/2023\/05\/SDB-Duplex-jour-768x512.jpg 768w, https:\/\/leclosdesconfidences.com\/wp-content\/uploads\/2023\/05\/SDB-Duplex-jour-18x12.jpg 18w, https:\/\/leclosdesconfidences.com\/wp-content\/uploads\/2023\/05\/SDB-Duplex-jour.jpg 1200w\" sizes=\"auto, (max-width: 1024px) 100vw, 1024px\" \/><\/figure>\n\n\n\n<h3 class=\"wp-block-heading\">BATHROOM<\/h3>\n\n\n\n<p>Let\u2019s continue\u2026 The bathroom.<br>Adjoining the bedroom, you will discover a luxury bathroom with shower, sink and washing machine. Fully equipped!<br>And finally, a separate toilet sits at the top of the stairs.<br><br>  <\/p>\n\n\n\n<div class=\"wp-block-buttons is-content-justification-center is-layout-flex wp-container-core-buttons-is-layout-a89b3969 wp-block-buttons-is-layout-flex\">\n<div class=\"wp-block-button\"><a class=\"wp-block-button__link wp-element-button\" href=\"http:\/\/leclosdesconfidences.com\/en\/sdb\/\" target=\"_blank\" rel=\"noreferrer noopener\">MORE PICTURES<\/a><\/div>\n\n\n\n<div class=\"wp-block-button\"><a class=\"wp-block-button__link wp-element-button\" href=\"http:\/\/leclosdesconfidences.com\/en\/sdb\/\" target=\"_blank\" rel=\"noreferrer noopener\">FURNITURE<\/a><\/div>\n<\/div>\n<\/div>\n<\/div>\n<\/div><\/div>\n\n\n\n<p><\/p>\n\n\n\n<div class=\"inherit-container-width wp-block-group alignfull has-ast-global-color-5-background-color has-background is-layout-constrained wp-block-group-is-layout-constrained\"><div class=\"wp-block-group__inner-container\">\n<h2 class=\"wp-block-heading has-text-align-center\">L\u2019ESSENTIEL \u2013 AN EXTENSION<\/h2>\n\n\n\n<p class=\"has-text-align-left has-ast-global-color-5-color has-text-color has-background\" style=\"background-color:#283d40\">Not everything can be summed up at the Clos des Confidences\u2026. Beyond a few walls, we offer a second accommodation for rent: L'Essential.<br>It is a large room of 15m2, with a private bathroom of 6m2. Ideal for a couple and just as comfortable as a hotel room.<br><br>So, if you want to go on vacation with friends while maintaining privacy and comfort, you can also rent this extension of Clos des Confidences!<\/p>\n\n\n\n<h2 class=\"wp-block-heading has-text-align-center\" style=\"font-size:25px\">ROOM<\/h2>\n\n\n\n<div class=\"wp-block-columns is-layout-flex wp-container-core-columns-is-layout-28f84493 wp-block-columns-is-layout-flex\">\n<div class=\"wp-block-column is-layout-flow wp-block-column-is-layout-flow\">\n<figure class=\"wp-block-image size-large\"><img loading=\"lazy\" decoding=\"async\" width=\"1024\" height=\"768\" src=\"http:\/\/leclosdesconfidences.com\/wp-content\/uploads\/2023\/04\/SDB-Studio-V2-copie-1024x768.jpg\" alt=\"\" class=\"wp-image-613\" srcset=\"https:\/\/leclosdesconfidences.com\/wp-content\/uploads\/2023\/04\/SDB-Studio-V2-copie-1024x768.jpg 1024w, https:\/\/leclosdesconfidences.com\/wp-content\/uploads\/2023\/04\/SDB-Studio-V2-copie-300x225.jpg 300w, https:\/\/leclosdesconfidences.com\/wp-content\/uploads\/2023\/04\/SDB-Studio-V2-copie-768x576.jpg 768w, https:\/\/leclosdesconfidences.com\/wp-content\/uploads\/2023\/04\/SDB-Studio-V2-copie-16x12.jpg 16w, https:\/\/leclosdesconfidences.com\/wp-content\/uploads\/2023\/04\/SDB-Studio-V2-copie.jpg 1200w\" sizes=\"auto, (max-width: 1024px) 100vw, 1024px\" \/><\/figure>\n<\/div>\n\n\n\n<div class=\"wp-block-column is-layout-flow wp-block-column-is-layout-flow\">\n<figure class=\"wp-block-image size-large\"><img loading=\"lazy\" decoding=\"async\" width=\"1024\" height=\"768\" src=\"http:\/\/leclosdesconfidences.com\/wp-content\/uploads\/2023\/04\/Chambre-Studio-2-1024x768.jpg\" alt=\"\" class=\"wp-image-611\" srcset=\"https:\/\/leclosdesconfidences.com\/wp-content\/uploads\/2023\/04\/Chambre-Studio-2-1024x768.jpg 1024w, https:\/\/leclosdesconfidences.com\/wp-content\/uploads\/2023\/04\/Chambre-Studio-2-300x225.jpg 300w, https:\/\/leclosdesconfidences.com\/wp-content\/uploads\/2023\/04\/Chambre-Studio-2-768x576.jpg 768w, https:\/\/leclosdesconfidences.com\/wp-content\/uploads\/2023\/04\/Chambre-Studio-2-16x12.jpg 16w, https:\/\/leclosdesconfidences.com\/wp-content\/uploads\/2023\/04\/Chambre-Studio-2.jpg 1200w\" sizes=\"auto, (max-width: 1024px) 100vw, 1024px\" \/><\/figure>\n<\/div>\n<\/div>\n\n\n\n<h2 class=\"wp-block-heading has-text-align-center\" style=\"font-size:25px\">BATHROOM<\/h2>\n\n\n\n<div class=\"wp-block-columns is-layout-flex wp-container-core-columns-is-layout-28f84493 wp-block-columns-is-layout-flex\">\n<div class=\"wp-block-column is-layout-flow wp-block-column-is-layout-flow\">\n<figure class=\"wp-block-image size-large\"><img loading=\"lazy\" decoding=\"async\" width=\"1024\" height=\"768\" src=\"http:\/\/leclosdesconfidences.com\/wp-content\/uploads\/2023\/04\/SDB-Studio-1024x768.jpg\" alt=\"\" class=\"wp-image-610\" srcset=\"https:\/\/leclosdesconfidences.com\/wp-content\/uploads\/2023\/04\/SDB-Studio-1024x768.jpg 1024w, https:\/\/leclosdesconfidences.com\/wp-content\/uploads\/2023\/04\/SDB-Studio-300x225.jpg 300w, https:\/\/leclosdesconfidences.com\/wp-content\/uploads\/2023\/04\/SDB-Studio-768x576.jpg 768w, https:\/\/leclosdesconfidences.com\/wp-content\/uploads\/2023\/04\/SDB-Studio-16x12.jpg 16w, https:\/\/leclosdesconfidences.com\/wp-content\/uploads\/2023\/04\/SDB-Studio.jpg 1200w\" sizes=\"auto, (max-width: 1024px) 100vw, 1024px\" \/><\/figure>\n<\/div>\n\n\n\n<div class=\"wp-block-column is-layout-flow wp-block-column-is-layout-flow\">\n<figure class=\"wp-block-image size-large\"><img loading=\"lazy\" decoding=\"async\" width=\"1024\" height=\"768\" src=\"http:\/\/leclosdesconfidences.com\/wp-content\/uploads\/2023\/04\/SDB-Studio-2-1024x768.jpg\" alt=\"\" class=\"wp-image-614\" srcset=\"https:\/\/leclosdesconfidences.com\/wp-content\/uploads\/2023\/04\/SDB-Studio-2-1024x768.jpg 1024w, https:\/\/leclosdesconfidences.com\/wp-content\/uploads\/2023\/04\/SDB-Studio-2-300x225.jpg 300w, https:\/\/leclosdesconfidences.com\/wp-content\/uploads\/2023\/04\/SDB-Studio-2-768x576.jpg 768w, https:\/\/leclosdesconfidences.com\/wp-content\/uploads\/2023\/04\/SDB-Studio-2-16x12.jpg 16w, https:\/\/leclosdesconfidences.com\/wp-content\/uploads\/2023\/04\/SDB-Studio-2.jpg 1200w\" sizes=\"auto, (max-width: 1024px) 100vw, 1024px\" \/><\/figure>\n<\/div>\n<\/div>\n\n\n\n<p><\/p>\n<\/div><\/div>\n\n\n\n<div class=\"wp-block-cover alignfull is-light\"><span aria-hidden=\"true\" class=\"wp-block-cover__background has-background-dim\"><\/span><img loading=\"lazy\" decoding=\"async\" width=\"2560\" height=\"1707\" class=\"wp-block-cover__image-background wp-image-456\" alt=\"\" src=\"http:\/\/leclosdesconfidences.com\/wp-content\/uploads\/2023\/03\/purple-flowers-pop-scaled.jpeg\" data-object-fit=\"cover\" srcset=\"https:\/\/leclosdesconfidences.com\/wp-content\/uploads\/2023\/03\/purple-flowers-pop-scaled.jpeg 2560w, https:\/\/leclosdesconfidences.com\/wp-content\/uploads\/2023\/03\/purple-flowers-pop-300x200.jpeg 300w, https:\/\/leclosdesconfidences.com\/wp-content\/uploads\/2023\/03\/purple-flowers-pop-1024x683.jpeg 1024w, https:\/\/leclosdesconfidences.com\/wp-content\/uploads\/2023\/03\/purple-flowers-pop-768x512.jpeg 768w, https:\/\/leclosdesconfidences.com\/wp-content\/uploads\/2023\/03\/purple-flowers-pop-1536x1024.jpeg 1536w, https:\/\/leclosdesconfidences.com\/wp-content\/uploads\/2023\/03\/purple-flowers-pop-2048x1366.jpeg 2048w, https:\/\/leclosdesconfidences.com\/wp-content\/uploads\/2023\/03\/purple-flowers-pop-18x12.jpeg 18w\" sizes=\"auto, (max-width: 2560px) 100vw, 2560px\" \/><div class=\"wp-block-cover__inner-container is-layout-flow wp-block-cover-is-layout-flow\">\n<h2 class=\"wp-block-heading has-text-align-center \\&quot;has-text-align-center has-ast-global-color-7-color has-text-color\">BOOKING<\/h2>\n\n\n\n<div class=\"wp-block-columns is-layout-flex wp-container-core-columns-is-layout-28f84493 wp-block-columns-is-layout-flex\">\n<div class=\"wp-block-column is-layout-flow wp-block-column-is-layout-flow\">\n<p class=\"has-text-align-center has-ast-global-color-5-color has-text-color\">Did you like the accommodation? <br>For prices and to book <br>live to avoid platform fees, <br>it's here!<\/p>\n\n\n\n<div class=\"wp-block-buttons is-content-justification-center is-layout-flex wp-container-core-buttons-is-layout-a89b3969 wp-block-buttons-is-layout-flex\">\n<div class=\"wp-block-button\"><a class=\"wp-block-button__link wp-element-button\" href=\"http:\/\/leclosdesconfidences.com\/en\/tarifs\/\">BOOKING<\/a><\/div>\n<\/div>\n<\/div>\n\n\n\n<div class=\"wp-block-column is-layout-flow wp-block-column-is-layout-flow\">\n<p class=\"has-text-align-center has-ast-global-color-5-color has-text-color\">To check availability, <br>do not hesitate to contact us <br>or check availability <br>of the accommodation on <a href=\"https:\/\/www.booking.com\/hotel\/fr\/le-clos-des-confidences.html?lang=en-us&amp;soz=1&amp;lang_changed=1\" target=\"_blank\" rel=\"noopener\" title=\"\">Booking.com<\/a><\/p>\n\n\n\n<div class=\"wp-block-buttons is-content-justification-center is-layout-flex wp-container-core-buttons-is-layout-a89b3969 wp-block-buttons-is-layout-flex\">\n<div class=\"wp-block-button\"><a class=\"wp-block-button__link wp-element-button\" href=\"http:\/\/leclosdesconfidences.com\/en\/contact\/\">CONTACT US<\/a><\/div>\n<\/div>\n<\/div>\n<\/div>\n<\/div><\/div>","protected":false},"excerpt":{"rendered":"<p>DECOUVRER LE LOGEMENT Par les mots et les images, je vous invite \u00e0 visiter cette page afin de d\u00e9couvrir le Clos des Confidences&#8230; L&rsquo;EXTERIEUR Vous entrez par la petite rue pi\u00e9tonne des ch\u00e2taigniers, poussez le portail en fer, et tombez sur une jolie petite cour int\u00e9rieure, d\u00e9cor\u00e9e avec \u00e9l\u00e9gance.Vous faites face au logement, avec cette &hellip;<\/p>\n<p class=\"read-more\"> <a class=\"\" href=\"http:\/\/leclosdesconfidences.com\/en\/logement\/\"> <span class=\"screen-reader-text\">ROOMS<\/span> Read More &raquo;<\/a><\/p>","protected":false},"author":1,"featured_media":0,"parent":0,"menu_order":0,"comment_status":"closed","ping_status":"closed","template":"","meta":{"site-sidebar-layout":"no-sidebar","site-content-layout":"plain-container","ast-global-header-display":"","ast-main-header-display":"","ast-hfb-above-header-display":"","ast-hfb-below-header-display":"","ast-hfb-mobile-header-display":"","site-post-title":"disabled","ast-breadcrumbs-content":"","ast-featured-img":"disabled","footer-sml-layout":"","theme-transparent-header-meta":"enabled","adv-header-id-meta":"","stick-header-meta":"","header-above-stick-meta":"","header-main-stick-meta":"","header-below-stick-meta":"","footnotes":""},"class_list":["post-10","page","type-page","status-publish","hentry"],"aioseo_notices":[],"_links":{"self":[{"href":"http:\/\/leclosdesconfidences.com\/en\/wp-json\/wp\/v2\/pages\/10","targetHints":{"allow":["GET"]}}],"collection":[{"href":"http:\/\/leclosdesconfidences.com\/en\/wp-json\/wp\/v2\/pages"}],"about":[{"href":"http:\/\/leclosdesconfidences.com\/en\/wp-json\/wp\/v2\/types\/page"}],"author":[{"embeddable":true,"href":"http:\/\/leclosdesconfidences.com\/en\/wp-json\/wp\/v2\/users\/1"}],"replies":[{"embeddable":true,"href":"http:\/\/leclosdesconfidences.com\/en\/wp-json\/wp\/v2\/comments?post=10"}],"version-history":[{"count":18,"href":"http:\/\/leclosdesconfidences.com\/en\/wp-json\/wp\/v2\/pages\/10\/revisions"}],"predecessor-version":[{"id":1071,"href":"http:\/\/leclosdesconfidences.com\/en\/wp-json\/wp\/v2\/pages\/10\/revisions\/1071"}],"wp:attachment":[{"href":"http:\/\/leclosdesconfidences.com\/en\/wp-json\/wp\/v2\/media?parent=10"}],"curies":[{"name":"wp","href":"https:\/\/api.w.org\/{rel}","templated":true}]}}