{"id":1012,"date":"2023-05-08T18:03:06","date_gmt":"2023-05-08T18:03:06","guid":{"rendered":"http:\/\/leclosdesconfidences.com\/?page_id=1012"},"modified":"2023-05-17T10:23:28","modified_gmt":"2023-05-17T10:23:28","slug":"grignan","status":"publish","type":"page","link":"http:\/\/leclosdesconfidences.com\/en\/grignan\/","title":{"rendered":"GRIGNAN"},"content":{"rendered":"<div class=\"wp-block-cover alignfull\" style=\"min-height:640px;aspect-ratio:unset;\"><span aria-hidden=\"true\" class=\"wp-block-cover__background has-ast-global-color-0-background-color has-background-dim-60 has-background-dim\"><\/span><img loading=\"lazy\" decoding=\"async\" width=\"1000\" height=\"1000\" class=\"wp-block-cover__image-background wp-image-636\" alt=\"\" src=\"http:\/\/leclosdesconfidences.com\/wp-content\/uploads\/2023\/04\/Grignan.jpg\" style=\"object-position:83% 100%\" data-object-fit=\"cover\" data-object-position=\"83% 100%\" srcset=\"https:\/\/leclosdesconfidences.com\/wp-content\/uploads\/2023\/04\/Grignan.jpg 1000w, https:\/\/leclosdesconfidences.com\/wp-content\/uploads\/2023\/04\/Grignan-300x300.jpg 300w, https:\/\/leclosdesconfidences.com\/wp-content\/uploads\/2023\/04\/Grignan-150x150.jpg 150w, https:\/\/leclosdesconfidences.com\/wp-content\/uploads\/2023\/04\/Grignan-768x768.jpg 768w, https:\/\/leclosdesconfidences.com\/wp-content\/uploads\/2023\/04\/Grignan-12x12.jpg 12w\" sizes=\"auto, (max-width: 1000px) 100vw, 1000px\" \/><div class=\"wp-block-cover__inner-container is-layout-flow wp-block-cover-is-layout-flow\">\n<p><\/p>\n\n\n\n<h1 class=\"wp-block-heading has-white-color has-text-color\"><br>GRIGNAN AND ITS SURROUNDINGS\u2026<\/h1>\n\n\n\n<p><br>Do you like strolling through charming little villages, shopping? Or indulge in cultural visits, a bit of history, a play? Or are you more athletic and prefer hiking, mountain biking, galloping on horseback, a splash in the pool...? Oh no ? Are you more oriented towards restaurants, good wines, aperitifs on the terrace?<br>Don't worry! Grignan is a city where a multitude of diverse and varied activities are mixed. Something to please everyone!<br><br>We give you here some ideas of activities and some advice on good addresses...<\/p>\n<\/div><\/div>\n\n\n\n<p><\/p>\n\n\n\n<h2 class=\"wp-block-heading\">SEASONS AND EVENTS<\/h2>\n\n\n\n<ul class=\"wp-block-list\">\n<li><strong>The Flowering roses<\/strong> : from May and for a few weeks\/months depending on the variety.<br>Grignan brings together some 400 roses, of 150 different varieties, offering an astonishing diversity of shapes, colors and scents, thus accompanying visitors in their discovery of the village.<\/li>\n\n\n\n<li><strong>The Lavender flowering<\/strong> : mid June to mid July. <br>One of the most beautiful times of the year: the purple colors come to dress the landscape, and give it this particular and characteristic smell!<\/li>\n\n\n\n<li><strong>Le Festival de la correspondance<\/strong> : The 27th edition of the Festival will take place from July 4 to 8, 2023 on the theme \"Letters of love and hate\".<\/li>\n\n\n\n<li><strong>F\u00eates Nocturnes de Grignan<\/strong> : From June 23 to August 19, 2023.<br>Love, money and comedy. On the bill for the F\u00eates Nocturnes at the Ch\u00e2teau de Grignan this summer: the Miser (Moli\u00e8re) directed by J\u00e9r\u00f4me Deschamps.<\/li>\n\n\n\n<li><strong>Harvest <\/strong>: usually around the beginning of September!<\/li>\n\n\n\n<li><strong>The harvest of the black truffle<\/strong> : it starts at the end of November, lasts 4 months\u2026 and brings together many enthusiasts.<br>There are many truffle markets in the region! During this period, you will find in particular that of Richerenches, one of the most famous!<\/li>\n<\/ul>\n\n\n\n<p><\/p>\n\n\n\n<h2 class=\"wp-block-heading has-text-align-left\">ACTIVITIES<\/h2>\n\n\n\n<ul class=\"wp-block-list\">\n<li>Due to its location, Grignan is ideal for <strong>country walks<\/strong>, along the truffle or lavender fields.&nbsp;&nbsp;<\/li>\n\n\n\n<li>You have access from the village to <strong>marked mountain bike trails<\/strong> for all levels, which will make you discover the bucolic landscapes and the small surrounding villages.&nbsp;<\/li>\n\n\n\n<li><strong>The visit of the castle of Grignan <\/strong>is a must. It will seduce you with its architecture and its Renaissance style, and you can retrace its history through a visit, simple or guided. The view from the courtyard is also worth the detour, you can access it for a few euros.&nbsp;<\/li>\n\n\n\n<li>In the heart of the village is the <strong>house of the printer Colophon<\/strong>, composed of&nbsp; <strong>printing and writing museum<\/strong>, of a <strong>typography workshop<\/strong> (still active) and a bookstore.&nbsp;<\/li>\n\n\n\n<li>The <strong>Durance workshops <\/strong>are located in the industrial zone North of Grignan. Come and discover their know-how through their creations: scents, candles, creams...&nbsp;<\/li>\n\n\n\n<li><strong>The Grignan swimming pool <\/strong>will allow you to refresh yourself in the summer season (opening July-August). It is located at the entrance of the village, next to the campsite.<\/li>\n\n\n\n<li><strong>The Grignan Equestrian Center<\/strong> also offers walks in summer.<br><br><strong>Do not hesitate to go to the tourist office, it is close to the accommodation\u2026<\/strong><\/li>\n<\/ul>\n\n\n\n<h2 class=\"wp-block-heading has-text-align-left\">RESTAURANTS AND BARS<\/h2>\n\n\n\n<p>We recommend some good addresses of restaurants that we like, there are of course other establishments that you may like, there is a wide choice to celebrate in Grignan!&nbsp;<\/p>\n\n\n\n<ul class=\"wp-block-list\">\n<li>L\u2019<strong>Heureux hazard<\/strong> (2 place S\u00e9vign\u00e9, Grignan) will seduce you with its inventive cuisine combining freshness and terroir, its beautiful shaded terrace and its very good value for money. Menus 21 to 35\u20ac.<\/li>\n\n\n\n<li>Le <strong>Pied de la lettre<\/strong> (7 mont\u00e9e du tricot, Grignan), is a friendly wine\/tapas bar.<\/li>\n\n\n\n<li>La <strong>Maison Nalda<\/strong> (4 rue d\u2019or, Grignan) is also an address to remember. Recently opened, this restaurant offers creative seasonal, organic and local dishes. Single menu 24 to 31\u20ac.&nbsp;<\/li>\n\n\n\n<li>Le <strong>Po\u00e8me<\/strong> (Rue Saint-Louis, Grignan) is a small gourmet restaurant, which offers seasonal cuisine inspired by Provence. Menus 47 to 79\u20ac.&nbsp;<\/li>\n\n\n\n<li><strong>Le Clair de Plume <\/strong>(2 place du mail, Grignan), a michelin-starred gastronomic restaurant in Grignan, invites you on an elaborate taste journey. This restaurant was recently decorated with the green star. Menus \u20ac165 to \u20ac240. You can also enjoy the breakfast prepared in the old kitchen of the establishment for 25\u20ac (reservation recommended).<\/li>\n\n\n\n<li>Le <strong>S\u00e9vign\u00e9<\/strong> (2 Place S\u00e9vign\u00e9, Grignan) is a bistro bar, which offers a dish of the day and a few simple dishes, lunch and dinner (summer period). The shaded terrace is very pleasant in summer, to come and sip a cold drink or come and taste the local beer (La Comtesse).<\/li>\n\n\n\n<li>La <strong>Marquise<\/strong> (9 Place S\u00e9vign\u00e9, Grignan) is a small restaurant that offers take-out meals, which can be very practical! Pizzas, Burgers, Gratins of ravioli\u2026 are on the menu. Fries and burger buns are homemade.&nbsp;<br><strong><br>Do you want to prolong the evening and dance a little? <\/strong><\/li>\n\n\n\n<li>Le <strong>Cabar\u00e9<\/strong>&nbsp;(1000 route de Valr\u00e9as Lieu- Dit la petite Tuili\u00e8re) will fully meet your needs (closes at 2am). It's the perfect place to go and drink a good cocktail with friends, or wiggle your hips on the dance floor. In summer, a large terrace welcomes you, and you can also eat.<\/li>\n<\/ul>\n\n\n\n<h2 class=\"wp-block-heading\">GRIGNAN SHOPS<\/h2>\n\n\n\n<p>Finally, we would like to send you our good local addresses to fill your baskets!<\/p>\n\n\n\n<ul class=\"wp-block-list\">\n<li>La<strong> ferme du Colombier<\/strong> (chemin des paluds, Grillon) offers you all year round organic seasonal fruits and vegetables, eggs and poultry.&nbsp;<\/li>\n\n\n\n<li>L\u2019\u00e9picerie <strong>Saveurs du terroir <\/strong>(rue du grand faubourg, Grignan), offers you a nice choice of local products, meat, cheeses, wines, beers, aperitif products etc.<\/li>\n\n\n\n<li>La <strong>ferme Rambaud<\/strong> (380 Le Bessas, Grignan) offers its production for direct sale from the farm: vegetables, preserves, jams, wine and lavender (essential oils, bouquets and derived products).<\/li>\n\n\n\n<li>La <strong>boutique du Clair de Plume<\/strong> (5 Place du Jeu de Ballon, Grignan)&nbsp;: id\u00e9ale pour un bon g\u00e2teau !<\/li>\n\n\n\n<li>A good ice cream? We advise you to the <strong>Boudoir<\/strong> (4 Rue Sous les Remparts, Grigan) or l\u2019Atelier de Denis (5 rue d\u2019or, Grignan).<\/li>\n\n\n\n<li><strong>Le<\/strong> <strong>march\u00e9 <\/strong>on tuesday morning (Place du mail, Grignan) is also a great way to eat locally.<\/li>\n\n\n\n<li>L&rsquo;<strong>Intermarch\u00e9 de Grignan<\/strong> (900 Rte de Mont\u00e9limar, Grignan) is also a great store, you will find many organic and local products there.<\/li>\n\n\n\n<li>You will also find in Grignan a<strong> pharmacy,<\/strong> many small <strong>shops<\/strong> of clothes, a <strong>tobacco press<\/strong>&#8230; <\/li>\n<\/ul>\n\n\n\n<h2 class=\"wp-block-heading\">LES POINTS PRATIQUES<\/h2>\n\n\n\n<ul class=\"wp-block-list\">\n<li>Charging stations for electric cars are available at the entrance to Grignan (120 Chemin de Bessas) or at the Intermarch\u00e9 mentioned above. <br><\/li>\n<\/ul>\n\n\n\n<div class=\"wp-block-cover alignfull is-light\"><span aria-hidden=\"true\" class=\"wp-block-cover__background has-background-dim\"><\/span><img loading=\"lazy\" decoding=\"async\" width=\"2560\" height=\"1707\" class=\"wp-block-cover__image-background wp-image-456\" alt=\"\" src=\"http:\/\/leclosdesconfidences.com\/wp-content\/uploads\/2023\/03\/purple-flowers-pop-scaled.jpeg\" data-object-fit=\"cover\" srcset=\"https:\/\/leclosdesconfidences.com\/wp-content\/uploads\/2023\/03\/purple-flowers-pop-scaled.jpeg 2560w, https:\/\/leclosdesconfidences.com\/wp-content\/uploads\/2023\/03\/purple-flowers-pop-300x200.jpeg 300w, https:\/\/leclosdesconfidences.com\/wp-content\/uploads\/2023\/03\/purple-flowers-pop-1024x683.jpeg 1024w, https:\/\/leclosdesconfidences.com\/wp-content\/uploads\/2023\/03\/purple-flowers-pop-768x512.jpeg 768w, https:\/\/leclosdesconfidences.com\/wp-content\/uploads\/2023\/03\/purple-flowers-pop-1536x1024.jpeg 1536w, https:\/\/leclosdesconfidences.com\/wp-content\/uploads\/2023\/03\/purple-flowers-pop-2048x1366.jpeg 2048w, https:\/\/leclosdesconfidences.com\/wp-content\/uploads\/2023\/03\/purple-flowers-pop-18x12.jpeg 18w\" sizes=\"auto, (max-width: 2560px) 100vw, 2560px\" \/><div class=\"wp-block-cover__inner-container is-layout-flow wp-block-cover-is-layout-flow\">\n<h2 class=\"wp-block-heading has-text-align-center \\&quot;has-text-align-center has-ast-global-color-7-color has-text-color\">BOOKING<\/h2>\n\n\n\n<div class=\"wp-block-columns is-layout-flex wp-container-core-columns-is-layout-28f84493 wp-block-columns-is-layout-flex\">\n<div class=\"wp-block-column is-layout-flow wp-block-column-is-layout-flow\">\n<p class=\"has-text-align-center has-ast-global-color-5-color has-text-color\">Did you like the accommodation? <br>For prices and to book <br>live to avoid platform fees, <br>it's here!<\/p>\n\n\n\n<div class=\"wp-block-buttons is-content-justification-center is-layout-flex wp-container-core-buttons-is-layout-a89b3969 wp-block-buttons-is-layout-flex\">\n<div class=\"wp-block-button\"><a class=\"wp-block-button__link wp-element-button\" href=\"http:\/\/leclosdesconfidences.com\/en\/tarifs\/\">BOOKING<\/a><\/div>\n<\/div>\n<\/div>\n\n\n\n<div class=\"wp-block-column is-layout-flow wp-block-column-is-layout-flow\">\n<p class=\"has-text-align-center has-ast-global-color-5-color has-text-color\">To check availability, <br>do not hesitate to contact us <br>or check availability <br>of the accommodation on <a href=\"https:\/\/www.booking.com\/hotel\/fr\/le-clos-des-confidences.html?lang=en-us&amp;soz=1&amp;lang_changed=1\" target=\"_blank\" rel=\"noopener\" title=\"\">Booking.com<\/a><\/p>\n\n\n\n<div class=\"wp-block-buttons is-content-justification-center is-layout-flex wp-container-core-buttons-is-layout-a89b3969 wp-block-buttons-is-layout-flex\">\n<div class=\"wp-block-button\"><a class=\"wp-block-button__link wp-element-button\" href=\"http:\/\/leclosdesconfidences.com\/en\/contact\/\">CONTACT US<\/a><\/div>\n<\/div>\n<\/div>\n<\/div>\n<\/div><\/div>\n\n\n\n<p><\/p>","protected":false},"excerpt":{"rendered":"<p>LES SAISONS ET EVENEMENTS LES ACTIVITES RESTAURANTS ET BARS Nous vous conseillons quelques bonnes adresses de restaurants que nous aimons, il y a bien s\u00fbr d\u2019autres \u00e9tablissements qui pourront vous plaire, il y a un large choix pour festoyer \u00e0 Grignan !&nbsp; COMMERCES SUR PLACE Enfin, nous aimerions vous transmettre nos bonnes adresses locales pour &hellip;<\/p>\n<p class=\"read-more\"> <a class=\"\" href=\"http:\/\/leclosdesconfidences.com\/en\/grignan\/\"> <span class=\"screen-reader-text\">GRIGNAN<\/span> Read More &raquo;<\/a><\/p>","protected":false},"author":1,"featured_media":0,"parent":0,"menu_order":0,"comment_status":"closed","ping_status":"closed","template":"","meta":{"site-sidebar-layout":"no-sidebar","site-content-layout":"plain-container","ast-global-header-display":"","ast-main-header-display":"","ast-hfb-above-header-display":"","ast-hfb-below-header-display":"","ast-hfb-mobile-header-display":"","site-post-title":"disabled","ast-breadcrumbs-content":"","ast-featured-img":"disabled","footer-sml-layout":"","theme-transparent-header-meta":"enabled","adv-header-id-meta":"","stick-header-meta":"","header-above-stick-meta":"","header-main-stick-meta":"","header-below-stick-meta":"","footnotes":""},"class_list":["post-1012","page","type-page","status-publish","hentry"],"aioseo_notices":[],"_links":{"self":[{"href":"http:\/\/leclosdesconfidences.com\/en\/wp-json\/wp\/v2\/pages\/1012","targetHints":{"allow":["GET"]}}],"collection":[{"href":"http:\/\/leclosdesconfidences.com\/en\/wp-json\/wp\/v2\/pages"}],"about":[{"href":"http:\/\/leclosdesconfidences.com\/en\/wp-json\/wp\/v2\/types\/page"}],"author":[{"embeddable":true,"href":"http:\/\/leclosdesconfidences.com\/en\/wp-json\/wp\/v2\/users\/1"}],"replies":[{"embeddable":true,"href":"http:\/\/leclosdesconfidences.com\/en\/wp-json\/wp\/v2\/comments?post=1012"}],"version-history":[{"count":22,"href":"http:\/\/leclosdesconfidences.com\/en\/wp-json\/wp\/v2\/pages\/1012\/revisions"}],"predecessor-version":[{"id":1079,"href":"http:\/\/leclosdesconfidences.com\/en\/wp-json\/wp\/v2\/pages\/1012\/revisions\/1079"}],"wp:attachment":[{"href":"http:\/\/leclosdesconfidences.com\/en\/wp-json\/wp\/v2\/media?parent=1012"}],"curies":[{"name":"wp","href":"https:\/\/api.w.org\/{rel}","templated":true}]}}