{"id":12,"date":"2021-05-12T05:15:54","date_gmt":"2021-05-12T05:15:54","guid":{"rendered":"https:\/\/leclosdesconfidences.com\/tarifs"},"modified":"2024-07-04T14:29:02","modified_gmt":"2024-07-04T14:29:02","slug":"tarifs","status":"publish","type":"page","link":"http:\/\/leclosdesconfidences.com\/en\/tarifs\/","title":{"rendered":"BOOKING"},"content":{"rendered":"<div class=\"wp-block-cover alignfull has-parallax\" style=\"min-height:485px;aspect-ratio:unset;\"><span aria-hidden=\"true\" class=\"wp-block-cover__background has-ast-global-color-0-background-color has-background-dim-60 has-background-dim\"><\/span><div class=\"wp-block-cover__image-background wp-image-457 has-parallax\" style=\"background-position:50% 50%;background-image:url(http:\/\/leclosdesconfidences.com\/wp-content\/uploads\/2023\/03\/pink-blanket-with-lavender-bundle-scaled.jpeg)\"><\/div><div class=\"wp-block-cover__inner-container is-layout-flow wp-block-cover-is-layout-flow\">\n<h1 class=\"wp-block-heading has-white-color has-text-color\">BOOKING &amp; PRICES!<\/h1>\n\n\n\n<p><\/p>\n\n\n\n<p>Did you like the accommodation? Do you want to come and spend a few days in Dr\u00f4me Proven\u00e7ale and enjoy the sun?<br>All information on reservations is present in this section.<br>If you want to go live with us and avoid platform fees, all is said below. <br>Otherwise, you can also find us on Booking and Airb&amp;b!<\/p>\n<\/div><\/div>\n\n\n\n<p><\/p>\n\n\n\n<div class=\"wp-block-columns is-layout-flex wp-container-core-columns-is-layout-28f84493 wp-block-columns-is-layout-flex\">\n<div class=\"wp-block-column is-layout-flow wp-block-column-is-layout-flow\">\n<h2 class=\"wp-block-heading has-text-align-center\"><strong>Low Season<\/strong><\/h2>\n\n\n\n<p class=\"has-text-align-center\"><em>From January to April and from October to December.<\/em><\/p>\n\n\n\n<p class=\"has-text-align-left\">LE CLOS DES CONFIDENCES<br><strong>Night : 129\u20ac<\/strong><br><strong>Night (4 nights minimum): 117\u20ac<\/strong> (so 468\u20ac for 4 nights)<br><strong>Week (7 nights) : 700\u20ac<\/strong> (so 100\u20ac by night)<\/p>\n\n\n\n<p class=\"has-text-align-right\">L&rsquo;ESSENTIEL<br><strong>Night : 70\u20ac<\/strong><br><strong>Night (4 nights minimum): 65\u20ac<\/strong> (so 260\u20ac for 4 nights)<br><strong>Week (7 nights) : 400\u20ac<\/strong> (so 57\u20ac by night)<\/p>\n<\/div>\n\n\n\n<div class=\"wp-block-column is-layout-flow wp-block-column-is-layout-flow\" style=\"flex-basis:130px\">\n<figure class=\"wp-block-image size-full is-resized\"><img loading=\"lazy\" decoding=\"async\" width=\"120\" height=\"300\" src=\"http:\/\/leclosdesconfidences.com\/wp-content\/uploads\/2023\/05\/test-copie.png\" alt=\"\" class=\"wp-image-971\" style=\"width:126px;height:316px\" srcset=\"https:\/\/leclosdesconfidences.com\/wp-content\/uploads\/2023\/05\/test-copie.png 120w, https:\/\/leclosdesconfidences.com\/wp-content\/uploads\/2023\/05\/test-copie-5x12.png 5w\" sizes=\"auto, (max-width: 120px) 100vw, 120px\" \/><\/figure>\n<\/div>\n\n\n\n<div class=\"wp-block-column is-layout-flow wp-block-column-is-layout-flow\">\n<h2 class=\"wp-block-heading has-text-align-center\"><strong>High season<\/strong><\/h2>\n\n\n\n<p class=\"has-text-align-center\"><em>From May to September.<\/em><\/p>\n\n\n\n<p>LE CLOS DES CONFIDENCES<br><strong>Night : 149\u20ac<\/strong><br><strong>Night (4 nights minimum) : 137\u20ac<\/strong> (so 548\u20ac for 4 nights)<br><strong>Week (7 nights) : 840\u20ac<\/strong> (so 120\u20ac by night)<\/p>\n\n\n\n<p class=\"has-text-align-right\">L&rsquo;ESSENTIEL<br><strong>Night : 90\u20ac<\/strong><br><strong>Night (4 nights minimum) : 80\u20ac<\/strong> (so 320\u20ac for 4 nights)<br><strong>Week (7 nights) : 490\u20ac<\/strong> (so 70\u20ac by night)<\/p>\n<\/div>\n<\/div>\n\n\n\n<h2 class=\"wp-block-heading\"><\/h2>\n\n\n\n<p>Cleaning costs and tourist tax are included in the price.<br>-5% de remise applicable sur les tarifs ci-dessus en cas de paiement en esp\u00e8ces.<br><strong>To know the availabilities, do not hesitate to contact us or to check the availabilities of the accommodation on <a href=\"https:\/\/www.booking.com\/hotel\/fr\/le-clos-des-confidences.html?lang=en-us&amp;soz=1&amp;lang_changed=1\" target=\"_blank\" rel=\"noreferrer noopener\">Booking.com<\/a>.<\/strong><\/p>\n\n\n\n<p><em>A 30% deposit is to be paid by bank transfer when booking. In the event of cancellation of the stay, the deposit is refunded if the cancellation is made within more than 21 days before the date of arrival of the tenants.<br>The remaining 70% must be paid by bank transfer or in cash on the day of arrival of the tenants.<br>In the event of deterioration of the furniture, degradation of the accommodation, or theft, compensation for the value of the claim will be due. So we ask our tenants for an identity document when they arrive in the accommodation.<\/em><br><em> The arrival of tenants in the accommodation is from 3:00 p.m. and the departure time is fixed at 11:00 a.m. We can be flexible if necessary, so do not hesitate to let us know your needs!<\/em><br><br>Unfortunately, this accommodation cannot accommodate disabled people (steps on the terrace and stairs to access the first floor).<\/p>\n\n\n\n<h2 class=\"wp-block-heading has-text-align-center\">RESERVER EN DIRECT<\/h2>\n\n\n\n<div class=\"wp-block-buttons is-content-justification-center is-layout-flex wp-container-core-buttons-is-layout-a89b3969 wp-block-buttons-is-layout-flex\">\n<div class=\"wp-block-button is-style-fill\"><a class=\"wp-block-button__link has-background has-text-align-center wp-element-button\" href=\"http:\/\/leclosdesconfidences.com\/en\/contact\/\" style=\"background-color:#b58fd1\">CONTACTEZ NOUS ici<\/a><\/div>\n<\/div>\n\n\n\n<p><\/p>\n\n\n\n<p class=\"has-text-align-center\">Ou sur &#8230;<\/p>\n\n\n\n<p><\/p>\n\n\n\n<p><\/p>\n\n\n\n<div class=\"wp-block-columns is-layout-flex wp-container-core-columns-is-layout-28f84493 wp-block-columns-is-layout-flex\">\n<div class=\"wp-block-column is-layout-flow wp-block-column-is-layout-flow\">\n<h2 class=\"wp-block-heading has-text-align-center\">BOOKING<\/h2>\n\n\n\n<div class=\"wp-block-columns is-layout-flex wp-container-core-columns-is-layout-28f84493 wp-block-columns-is-layout-flex\">\n<div class=\"wp-block-column is-layout-flow wp-block-column-is-layout-flow\">\n<figure class=\"wp-block-image aligncenter size-large is-resized\"><a href=\"https:\/\/www.booking.com\/Share-QdoCc5k\"><img loading=\"lazy\" decoding=\"async\" width=\"1024\" height=\"576\" src=\"http:\/\/leclosdesconfidences.com\/wp-content\/uploads\/2023\/05\/LOGO-Booking-1024x576.jpg\" alt=\"\" class=\"wp-image-835\" style=\"width:auto;height:146px\" srcset=\"\" sizes=\"auto, (max-width: 1024px) 100vw, 1024px\" data-srcset=\"\" \/><\/a><\/figure>\n\n\n\n<p><\/p>\n\n\n\n<p class=\"has-text-align-center\">LE CLOS DES CONFIDENCES<\/p>\n<\/div>\n\n\n\n<div class=\"wp-block-column is-layout-flow wp-block-column-is-layout-flow\">\n<figure class=\"wp-block-image aligncenter size-large is-resized\"><a href=\"https:\/\/www.booking.com\/Share-ggAKkgq\"><img loading=\"lazy\" decoding=\"async\" width=\"1024\" height=\"576\" src=\"http:\/\/leclosdesconfidences.com\/wp-content\/uploads\/2023\/05\/LOGO-Booking-1024x576.jpg\" alt=\"\" class=\"wp-image-835\" style=\"width:auto;height:146px\" srcset=\"\" sizes=\"auto, (max-width: 1024px) 100vw, 1024px\" data-srcset=\"\" \/><\/a><\/figure>\n\n\n\n<p><\/p>\n\n\n\n<p class=\"has-text-align-center\">L&rsquo;ESSENTIEL<\/p>\n<\/div>\n<\/div>\n\n\n\n<div class=\"wp-block-columns is-layout-flex wp-container-core-columns-is-layout-28f84493 wp-block-columns-is-layout-flex\">\n<div class=\"wp-block-column is-layout-flow wp-block-column-is-layout-flow\"><\/div>\n\n\n\n<div class=\"wp-block-column is-layout-flow wp-block-column-is-layout-flow\"><\/div>\n<\/div>\n<\/div>\n\n\n\n<div class=\"wp-block-column is-layout-flow wp-block-column-is-layout-flow\">\n<h2 class=\"wp-block-heading has-text-align-center\">AIRB&amp;B<\/h2>\n\n\n\n<div class=\"wp-block-columns is-layout-flex wp-container-core-columns-is-layout-28f84493 wp-block-columns-is-layout-flex\">\n<div class=\"wp-block-column is-layout-flow wp-block-column-is-layout-flow\">\n<figure class=\"wp-block-image aligncenter size-full is-resized\"><a href=\"https:\/\/www.airbnb.com\/rooms\/552654873231071968?check_in=2023-05-09&amp;check_out=2023-05-15&amp;guests=1&amp;adults=2&amp;s=67&amp;unique_share_id=067c59cd-747f-491a-a32d-2da4e37ade35\"><img loading=\"lazy\" decoding=\"async\" width=\"1000\" height=\"1000\" src=\"http:\/\/leclosdesconfidences.com\/wp-content\/uploads\/2023\/05\/Logo-Airbb.jpg\" alt=\"\" class=\"wp-image-836\" style=\"object-fit:cover;width:148px;height:146px\" srcset=\"https:\/\/leclosdesconfidences.com\/wp-content\/uploads\/2023\/05\/Logo-Airbb.jpg 1000w, https:\/\/leclosdesconfidences.com\/wp-content\/uploads\/2023\/05\/Logo-Airbb-300x300.jpg 300w, https:\/\/leclosdesconfidences.com\/wp-content\/uploads\/2023\/05\/Logo-Airbb-150x150.jpg 150w, https:\/\/leclosdesconfidences.com\/wp-content\/uploads\/2023\/05\/Logo-Airbb-768x768.jpg 768w, https:\/\/leclosdesconfidences.com\/wp-content\/uploads\/2023\/05\/Logo-Airbb-12x12.jpg 12w\" sizes=\"auto, (max-width: 1000px) 100vw, 1000px\" \/><\/a><\/figure>\n\n\n\n<p class=\"has-text-align-center\">LE CLOS DES CONFIDENCES<\/p>\n<\/div>\n\n\n\n<div class=\"wp-block-column is-layout-flow wp-block-column-is-layout-flow\">\n<figure class=\"wp-block-image aligncenter size-full is-resized\"><a href=\"https:\/\/www.airbnb.com\/rooms\/552654919150315846?check_in=2023-05-09&amp;check_out=2023-05-14&amp;guests=1&amp;adults=2&amp;s=67&amp;unique_share_id=ac010b24-d9a5-4e44-8dd7-166b7e47f253\"><img loading=\"lazy\" decoding=\"async\" width=\"1000\" height=\"1000\" src=\"http:\/\/leclosdesconfidences.com\/wp-content\/uploads\/2023\/05\/Logo-Airbb-1.jpg\" alt=\"\" class=\"wp-image-837\" style=\"object-fit:cover;width:146px;height:146px\" srcset=\"https:\/\/leclosdesconfidences.com\/wp-content\/uploads\/2023\/05\/Logo-Airbb-1.jpg 1000w, https:\/\/leclosdesconfidences.com\/wp-content\/uploads\/2023\/05\/Logo-Airbb-1-300x300.jpg 300w, https:\/\/leclosdesconfidences.com\/wp-content\/uploads\/2023\/05\/Logo-Airbb-1-150x150.jpg 150w, https:\/\/leclosdesconfidences.com\/wp-content\/uploads\/2023\/05\/Logo-Airbb-1-768x768.jpg 768w, https:\/\/leclosdesconfidences.com\/wp-content\/uploads\/2023\/05\/Logo-Airbb-1-12x12.jpg 12w\" sizes=\"auto, (max-width: 1000px) 100vw, 1000px\" \/><\/a><\/figure>\n\n\n\n<p class=\"has-text-align-center\">L&rsquo;ESSENTIEL<\/p>\n<\/div>\n<\/div>\n<\/div>\n<\/div>\n\n\n\n<div class=\"wp-block-cover alignfull is-light\"><span aria-hidden=\"true\" class=\"wp-block-cover__background has-background-dim\"><\/span><img loading=\"lazy\" decoding=\"async\" width=\"2560\" height=\"1707\" class=\"wp-block-cover__image-background wp-image-456\" alt=\"\" src=\"http:\/\/leclosdesconfidences.com\/wp-content\/uploads\/2023\/03\/purple-flowers-pop-scaled.jpeg\" data-object-fit=\"cover\" srcset=\"https:\/\/leclosdesconfidences.com\/wp-content\/uploads\/2023\/03\/purple-flowers-pop-scaled.jpeg 2560w, https:\/\/leclosdesconfidences.com\/wp-content\/uploads\/2023\/03\/purple-flowers-pop-300x200.jpeg 300w, https:\/\/leclosdesconfidences.com\/wp-content\/uploads\/2023\/03\/purple-flowers-pop-1024x683.jpeg 1024w, https:\/\/leclosdesconfidences.com\/wp-content\/uploads\/2023\/03\/purple-flowers-pop-768x512.jpeg 768w, https:\/\/leclosdesconfidences.com\/wp-content\/uploads\/2023\/03\/purple-flowers-pop-1536x1024.jpeg 1536w, https:\/\/leclosdesconfidences.com\/wp-content\/uploads\/2023\/03\/purple-flowers-pop-2048x1366.jpeg 2048w, https:\/\/leclosdesconfidences.com\/wp-content\/uploads\/2023\/03\/purple-flowers-pop-18x12.jpeg 18w\" sizes=\"auto, (max-width: 2560px) 100vw, 2560px\" \/><div class=\"wp-block-cover__inner-container is-layout-flow wp-block-cover-is-layout-flow\">\n<h2 class=\"wp-block-heading has-text-align-center \\&quot;has-text-align-center has-ast-global-color-7-color has-text-color\">BOOKING<\/h2>\n\n\n\n<div class=\"wp-block-columns is-layout-flex wp-container-core-columns-is-layout-28f84493 wp-block-columns-is-layout-flex\">\n<div class=\"wp-block-column is-layout-flow wp-block-column-is-layout-flow\">\n<p class=\"has-text-align-center has-ast-global-color-5-color has-text-color\">Did you like the accommodation? <br>For prices and to book <br>live to avoid platform fees, <br>it's here!<\/p>\n\n\n\n<div class=\"wp-block-buttons is-content-justification-center is-layout-flex wp-container-core-buttons-is-layout-a89b3969 wp-block-buttons-is-layout-flex\">\n<div class=\"wp-block-button\"><a class=\"wp-block-button__link wp-element-button\" href=\"http:\/\/leclosdesconfidences.com\/en\/tarifs\/\">BOOKING<\/a><\/div>\n<\/div>\n<\/div>\n\n\n\n<div class=\"wp-block-column is-layout-flow wp-block-column-is-layout-flow\">\n<p class=\"has-text-align-center has-ast-global-color-5-color has-text-color\">To check availability, <br>do not hesitate to contact us <br>or check availability <br>of the accommodation on <a href=\"https:\/\/www.booking.com\/hotel\/fr\/le-clos-des-confidences.html?lang=en-us&amp;soz=1&amp;lang_changed=1\" target=\"_blank\" rel=\"noopener\" title=\"\">Booking.com<\/a><\/p>\n\n\n\n<div class=\"wp-block-buttons is-content-justification-center is-layout-flex wp-container-core-buttons-is-layout-a89b3969 wp-block-buttons-is-layout-flex\">\n<div class=\"wp-block-button\"><a class=\"wp-block-button__link wp-element-button\" href=\"http:\/\/leclosdesconfidences.com\/en\/contact\/\">CONTACT US<\/a><\/div>\n<\/div>\n<\/div>\n<\/div>\n<\/div><\/div>","protected":false},"excerpt":{"rendered":"<p>Basse Saison De Janvier \u00e0 Avril et d&rsquo;Octobre \u00e0 D\u00e9cembre. LE CLOS DES CONFIDENCESNuit\u00e9e : 129\u20acNuit\u00e9e (4 nuits minimum) : 117\u20ac (soit 468\u20ac pour 4 nuits)Semaine (7 nuits) : 700\u20ac (soit 100\u20ac la nuit\u00e9e) L&rsquo;ESSENTIELNuit\u00e9e : 70\u20acNuit\u00e9e (4 nuits minimum) : 65\u20ac (soit 260\u20ac pour 4 nuits)Semaine (7 nuits) : 400\u20ac (soit 57\u20ac la nuit\u00e9e) &hellip;<\/p>\n<p class=\"read-more\"> <a class=\"\" href=\"http:\/\/leclosdesconfidences.com\/en\/tarifs\/\"> <span class=\"screen-reader-text\">BOOKING<\/span> Read More &raquo;<\/a><\/p>","protected":false},"author":1,"featured_media":0,"parent":0,"menu_order":0,"comment_status":"closed","ping_status":"closed","template":"","meta":{"site-sidebar-layout":"no-sidebar","site-content-layout":"plain-container","ast-global-header-display":"","ast-main-header-display":"","ast-hfb-above-header-display":"","ast-hfb-below-header-display":"","ast-hfb-mobile-header-display":"","site-post-title":"disabled","ast-breadcrumbs-content":"","ast-featured-img":"disabled","footer-sml-layout":"","theme-transparent-header-meta":"enabled","adv-header-id-meta":"","stick-header-meta":"","header-above-stick-meta":"","header-main-stick-meta":"","header-below-stick-meta":"","footnotes":""},"class_list":["post-12","page","type-page","status-publish","hentry"],"aioseo_notices":[],"_links":{"self":[{"href":"http:\/\/leclosdesconfidences.com\/en\/wp-json\/wp\/v2\/pages\/12","targetHints":{"allow":["GET"]}}],"collection":[{"href":"http:\/\/leclosdesconfidences.com\/en\/wp-json\/wp\/v2\/pages"}],"about":[{"href":"http:\/\/leclosdesconfidences.com\/en\/wp-json\/wp\/v2\/types\/page"}],"author":[{"embeddable":true,"href":"http:\/\/leclosdesconfidences.com\/en\/wp-json\/wp\/v2\/users\/1"}],"replies":[{"embeddable":true,"href":"http:\/\/leclosdesconfidences.com\/en\/wp-json\/wp\/v2\/comments?post=12"}],"version-history":[{"count":47,"href":"http:\/\/leclosdesconfidences.com\/en\/wp-json\/wp\/v2\/pages\/12\/revisions"}],"predecessor-version":[{"id":1189,"href":"http:\/\/leclosdesconfidences.com\/en\/wp-json\/wp\/v2\/pages\/12\/revisions\/1189"}],"wp:attachment":[{"href":"http:\/\/leclosdesconfidences.com\/en\/wp-json\/wp\/v2\/media?parent=12"}],"curies":[{"name":"wp","href":"https:\/\/api.w.org\/{rel}","templated":true}]}}