{"id":718,"date":"2023-05-02T21:22:03","date_gmt":"2023-05-02T21:22:03","guid":{"rendered":"http:\/\/leclosdesconfidences.com\/?page_id=718"},"modified":"2023-05-17T11:11:39","modified_gmt":"2023-05-17T11:11:39","slug":"salon","status":"publish","type":"page","link":"http:\/\/leclosdesconfidences.com\/en\/salon\/","title":{"rendered":"LIVING ROOM"},"content":{"rendered":"<div class=\"wp-block-cover alignfull has-parallax\" style=\"min-height:65vh;aspect-ratio:unset;\"><span aria-hidden=\"true\" class=\"wp-block-cover__background has-ast-global-color-0-background-color has-background-dim-60 has-background-dim\"><\/span><div role=\"img\" class=\"wp-block-cover__image-background wp-image-458 has-parallax\" style=\"background-position:50% 50%;background-image:url(http:\/\/leclosdesconfidences.com\/wp-content\/uploads\/2023\/03\/bundle-of-lavender-against-a-yellow-backdrop-scaled.jpeg)\"><\/div><div class=\"wp-block-cover__inner-container is-layout-flow wp-block-cover-is-layout-flow\">\n<p><\/p>\n\n\n\n<h1 class=\"wp-block-heading has-white-color has-text-color\"><br>A LIVING ROOM WITH FULLY EQUIPPED AMERICAN KITCHEN<\/h1>\n\n\n\n<p><br><\/p>\n\n\n\n<p>This 27m2 open living room is a living space! With its fully equipped and open kitchen, it is ideal for sharing convivial moments as a couple or with the family. <br>Its large glass wall makes it bright and pleasant. You quickly feel at home there: a warm place, with its wooden beams, its stones on the wall, its Egyptian stone, its soft sofa, its stove in winter... and its dim lights when night comes... <\/p>\n<\/div><\/div>\n\n\n\n<p><\/p>\n\n\n\n<div class=\"wp-block-columns is-layout-flex wp-container-core-columns-is-layout-28f84493 wp-block-columns-is-layout-flex\">\n<div class=\"wp-block-column is-layout-flow wp-block-column-is-layout-flow\" style=\"flex-basis:100px\"><\/div>\n\n\n\n<div class=\"wp-block-column is-layout-flow wp-block-column-is-layout-flow\"><div id=\"metaslider-id-723\" style=\"max-width: 1200px;\" class=\"ml-slider-3-60-1 metaslider metaslider-flex metaslider-723 ml-slider ms-theme-default\" role=\"region\" aria-roledescription=\"Slideshow\" aria-label=\"LIVING ROOM\">\n    <div id=\"metaslider_container_723\">\n        <div id=\"metaslider_723\">\n            <ul aria-live=\"polite\" class=\"slides\">\n                <li style=\"display: block; width: 100%;\" class=\"slide-747 ms-image\" aria-roledescription=\"slide\" aria-label=\"slide-747\"><img loading=\"lazy\" decoding=\"async\" width=\"1200\" height=\"800\" src=\"https:\/\/leclosdesconfidences.com\/wp-content\/uploads\/2023\/05\/Salon-slider-1-1.jpg\" class=\"slider-723 slide-747\" alt=\"\" rel=\"\" title=\"Salon slider 1\" srcset=\"https:\/\/leclosdesconfidences.com\/wp-content\/uploads\/2023\/05\/Salon-slider-1-1.jpg 1200w, https:\/\/leclosdesconfidences.com\/wp-content\/uploads\/2023\/05\/Salon-slider-1-1-300x200.jpg 300w, https:\/\/leclosdesconfidences.com\/wp-content\/uploads\/2023\/05\/Salon-slider-1-1-1024x683.jpg 1024w, https:\/\/leclosdesconfidences.com\/wp-content\/uploads\/2023\/05\/Salon-slider-1-1-768x512.jpg 768w, https:\/\/leclosdesconfidences.com\/wp-content\/uploads\/2023\/05\/Salon-slider-1-1-18x12.jpg 18w\" sizes=\"auto, (max-width: 1200px) 100vw, 1200px\" \/><\/li>\n                <li style=\"display: none; width: 100%;\" class=\"slide-746 ms-image\" aria-roledescription=\"slide\" aria-label=\"slide-746\"><img loading=\"lazy\" decoding=\"async\" width=\"1200\" height=\"800\" src=\"https:\/\/leclosdesconfidences.com\/wp-content\/uploads\/2023\/05\/Salon-slider-2-1.jpg\" class=\"slider-723 slide-746\" alt=\"\" rel=\"\" title=\"Salon slider 2\" srcset=\"https:\/\/leclosdesconfidences.com\/wp-content\/uploads\/2023\/05\/Salon-slider-2-1.jpg 1200w, https:\/\/leclosdesconfidences.com\/wp-content\/uploads\/2023\/05\/Salon-slider-2-1-300x200.jpg 300w, https:\/\/leclosdesconfidences.com\/wp-content\/uploads\/2023\/05\/Salon-slider-2-1-1024x683.jpg 1024w, https:\/\/leclosdesconfidences.com\/wp-content\/uploads\/2023\/05\/Salon-slider-2-1-768x512.jpg 768w, https:\/\/leclosdesconfidences.com\/wp-content\/uploads\/2023\/05\/Salon-slider-2-1-18x12.jpg 18w\" sizes=\"auto, (max-width: 1200px) 100vw, 1200px\" \/><\/li>\n                <li style=\"display: none; width: 100%;\" class=\"slide-744 ms-image\" aria-roledescription=\"slide\" aria-label=\"slide-744\"><img loading=\"lazy\" decoding=\"async\" width=\"1200\" height=\"800\" src=\"https:\/\/leclosdesconfidences.com\/wp-content\/uploads\/2023\/05\/Salon-slider-4-1.jpg\" class=\"slider-723 slide-744\" alt=\"\" rel=\"\" title=\"Salon slider 4\" srcset=\"https:\/\/leclosdesconfidences.com\/wp-content\/uploads\/2023\/05\/Salon-slider-4-1.jpg 1200w, https:\/\/leclosdesconfidences.com\/wp-content\/uploads\/2023\/05\/Salon-slider-4-1-300x200.jpg 300w, https:\/\/leclosdesconfidences.com\/wp-content\/uploads\/2023\/05\/Salon-slider-4-1-1024x683.jpg 1024w, https:\/\/leclosdesconfidences.com\/wp-content\/uploads\/2023\/05\/Salon-slider-4-1-768x512.jpg 768w, https:\/\/leclosdesconfidences.com\/wp-content\/uploads\/2023\/05\/Salon-slider-4-1-18x12.jpg 18w\" sizes=\"auto, (max-width: 1200px) 100vw, 1200px\" \/><\/li>\n                <li style=\"display: none; width: 100%;\" class=\"slide-745 ms-image\" aria-roledescription=\"slide\" aria-label=\"slide-745\"><img loading=\"lazy\" decoding=\"async\" width=\"1200\" height=\"800\" src=\"https:\/\/leclosdesconfidences.com\/wp-content\/uploads\/2023\/05\/Salon-slider-3-1.jpg\" class=\"slider-723 slide-745\" alt=\"\" rel=\"\" title=\"Salon slider 3\" srcset=\"https:\/\/leclosdesconfidences.com\/wp-content\/uploads\/2023\/05\/Salon-slider-3-1.jpg 1200w, https:\/\/leclosdesconfidences.com\/wp-content\/uploads\/2023\/05\/Salon-slider-3-1-300x200.jpg 300w, https:\/\/leclosdesconfidences.com\/wp-content\/uploads\/2023\/05\/Salon-slider-3-1-1024x683.jpg 1024w, https:\/\/leclosdesconfidences.com\/wp-content\/uploads\/2023\/05\/Salon-slider-3-1-768x512.jpg 768w, https:\/\/leclosdesconfidences.com\/wp-content\/uploads\/2023\/05\/Salon-slider-3-1-18x12.jpg 18w\" sizes=\"auto, (max-width: 1200px) 100vw, 1200px\" \/><\/li>\n                <li style=\"display: none; width: 100%;\" class=\"slide-743 ms-image\" aria-roledescription=\"slide\" aria-label=\"slide-743\"><img loading=\"lazy\" decoding=\"async\" width=\"1200\" height=\"800\" src=\"https:\/\/leclosdesconfidences.com\/wp-content\/uploads\/2023\/05\/Salon-slider-5-1.jpg\" class=\"slider-723 slide-743\" alt=\"\" rel=\"\" title=\"Salon slider 5\" srcset=\"https:\/\/leclosdesconfidences.com\/wp-content\/uploads\/2023\/05\/Salon-slider-5-1.jpg 1200w, https:\/\/leclosdesconfidences.com\/wp-content\/uploads\/2023\/05\/Salon-slider-5-1-300x200.jpg 300w, https:\/\/leclosdesconfidences.com\/wp-content\/uploads\/2023\/05\/Salon-slider-5-1-1024x683.jpg 1024w, https:\/\/leclosdesconfidences.com\/wp-content\/uploads\/2023\/05\/Salon-slider-5-1-768x512.jpg 768w, https:\/\/leclosdesconfidences.com\/wp-content\/uploads\/2023\/05\/Salon-slider-5-1-18x12.jpg 18w\" sizes=\"auto, (max-width: 1200px) 100vw, 1200px\" \/><\/li>\n                <li style=\"display: none; width: 100%;\" class=\"slide-742 ms-image\" aria-roledescription=\"slide\" aria-label=\"slide-742\"><img loading=\"lazy\" decoding=\"async\" width=\"1200\" height=\"800\" src=\"https:\/\/leclosdesconfidences.com\/wp-content\/uploads\/2023\/05\/Salon-slider-6-1.jpg\" class=\"slider-723 slide-742\" alt=\"\" rel=\"\" title=\"Salon slider 6\" srcset=\"https:\/\/leclosdesconfidences.com\/wp-content\/uploads\/2023\/05\/Salon-slider-6-1.jpg 1200w, https:\/\/leclosdesconfidences.com\/wp-content\/uploads\/2023\/05\/Salon-slider-6-1-300x200.jpg 300w, https:\/\/leclosdesconfidences.com\/wp-content\/uploads\/2023\/05\/Salon-slider-6-1-1024x683.jpg 1024w, https:\/\/leclosdesconfidences.com\/wp-content\/uploads\/2023\/05\/Salon-slider-6-1-768x512.jpg 768w, https:\/\/leclosdesconfidences.com\/wp-content\/uploads\/2023\/05\/Salon-slider-6-1-18x12.jpg 18w\" sizes=\"auto, (max-width: 1200px) 100vw, 1200px\" \/><\/li>\n                <li style=\"display: none; width: 100%;\" class=\"slide-741 ms-image\" aria-roledescription=\"slide\" aria-label=\"slide-741\"><img loading=\"lazy\" decoding=\"async\" width=\"1200\" height=\"800\" src=\"https:\/\/leclosdesconfidences.com\/wp-content\/uploads\/2023\/05\/Salon-slider-7-1.jpg\" class=\"slider-723 slide-741\" alt=\"\" rel=\"\" title=\"Salon slider 7\" srcset=\"https:\/\/leclosdesconfidences.com\/wp-content\/uploads\/2023\/05\/Salon-slider-7-1.jpg 1200w, https:\/\/leclosdesconfidences.com\/wp-content\/uploads\/2023\/05\/Salon-slider-7-1-300x200.jpg 300w, https:\/\/leclosdesconfidences.com\/wp-content\/uploads\/2023\/05\/Salon-slider-7-1-1024x683.jpg 1024w, https:\/\/leclosdesconfidences.com\/wp-content\/uploads\/2023\/05\/Salon-slider-7-1-768x512.jpg 768w, https:\/\/leclosdesconfidences.com\/wp-content\/uploads\/2023\/05\/Salon-slider-7-1-18x12.jpg 18w\" sizes=\"auto, (max-width: 1200px) 100vw, 1200px\" \/><\/li>\n            <\/ul>\n        <\/div>\n        \n    <\/div>\n<\/div>\n<\/div>\n\n\n\n<div class=\"wp-block-column is-layout-flow wp-block-column-is-layout-flow\" style=\"flex-basis:100px\"><\/div>\n<\/div>\n\n\n\n<div class=\"inherit-container-width wp-block-group alignfull has-ast-global-color-5-background-color has-background is-layout-constrained wp-block-group-is-layout-constrained\"><div class=\"wp-block-group__inner-container\">\n<div class=\"wp-block-columns alignwide are-vertically-aligned-bottom is-layout-flex wp-container-core-columns-is-layout-28f84493 wp-block-columns-is-layout-flex\">\n<div class=\"wp-block-column is-vertically-aligned-bottom is-layout-flow wp-block-column-is-layout-flow\">\n<h2 class=\"wp-block-heading has-text-align-left\">FURNITURE<\/h2>\n<\/div>\n\n\n\n<div class=\"wp-block-column is-vertically-aligned-bottom is-layout-flow wp-block-column-is-layout-flow\"><\/div>\n<\/div>\n\n\n\n<div class=\"wp-block-columns alignwide are-vertically-aligned-top is-layout-flex wp-container-core-columns-is-layout-28f84493 wp-block-columns-is-layout-flex\">\n<div class=\"wp-block-column is-vertically-aligned-top is-layout-flow wp-block-column-is-layout-flow\">\n<figure class=\"wp-block-image size-large\"><img loading=\"lazy\" decoding=\"async\" width=\"768\" height=\"1024\" src=\"http:\/\/leclosdesconfidences.com\/wp-content\/uploads\/2023\/05\/Espace-confort-768x1024.jpg\" alt=\"\" class=\"wp-image-725\" srcset=\"https:\/\/leclosdesconfidences.com\/wp-content\/uploads\/2023\/05\/Espace-confort-768x1024.jpg 768w, https:\/\/leclosdesconfidences.com\/wp-content\/uploads\/2023\/05\/Espace-confort-225x300.jpg 225w, https:\/\/leclosdesconfidences.com\/wp-content\/uploads\/2023\/05\/Espace-confort-9x12.jpg 9w, https:\/\/leclosdesconfidences.com\/wp-content\/uploads\/2023\/05\/Espace-confort.jpg 900w\" sizes=\"auto, (max-width: 768px) 100vw, 768px\" \/><\/figure>\n\n\n\n<h3 class=\"wp-block-heading has-text-align-center\">THE COMFORT AREA<\/h3>\n\n\n\n<p>- Convertible sofa<br>- With its sheets, pillows and undersheet (provided on request)<br>&#8211; Plaid<br>- Coffee table<br>- Carpet <br>- Retro Lamp<br>\u2013 Pellet stove (pellets provided, with shovel and ash vacuum cleaner)<br>- Coat hanger<br>- Shoe rack \/ bench for putting on shoes<br>\u2013 Slippers<br><\/p>\n<\/div>\n\n\n\n<div class=\"wp-block-column is-vertically-aligned-top is-layout-flow wp-block-column-is-layout-flow\">\n<figure class=\"wp-block-image size-large\"><img loading=\"lazy\" decoding=\"async\" width=\"768\" height=\"1024\" src=\"http:\/\/leclosdesconfidences.com\/wp-content\/uploads\/2023\/05\/Cusine-Focus-768x1024.jpg\" alt=\"\" class=\"wp-image-724\" srcset=\"https:\/\/leclosdesconfidences.com\/wp-content\/uploads\/2023\/05\/Cusine-Focus-768x1024.jpg 768w, https:\/\/leclosdesconfidences.com\/wp-content\/uploads\/2023\/05\/Cusine-Focus-225x300.jpg 225w, https:\/\/leclosdesconfidences.com\/wp-content\/uploads\/2023\/05\/Cusine-Focus-9x12.jpg 9w, https:\/\/leclosdesconfidences.com\/wp-content\/uploads\/2023\/05\/Cusine-Focus.jpg 900w\" sizes=\"auto, (max-width: 768px) 100vw, 768px\" \/><\/figure>\n\n\n\n<h3 class=\"wp-block-heading has-text-align-center\">THE FULLY EQUIPPED KITCHEN<\/h3>\n\n\n\n<p>\u2013 Fridge, freezer (ice cube trays)<br>\u2013 Oven, hob, microwave (with hood), extractor hood (with remote control)<br>\u2013 Sink (sponge, dishwashing product), dishwasher<br>\u2013 Nespresso coffee machine, coffee maker, kettle (tea and herbal teas available), toaster, blender, immersion blender, steamer.<br>\u2013 Crockery: House Doctor plates, soup plates, dessert plates, cutlery, meat knives, bread knife, water glasses, wine glasses, champagne glasses, cocktail glasses, bowls, mugs, cups\u2026<br>\u2013 The essentials: pans, saucepans, lids, colander, salad bowls, salad spinner, dishes, stewpans, tupperware, pie pans, cake pans, kitchen scales, measuring cup, mixing bowl, cutting board, tray, Trivet, teapot, water jug, table linens (tablecloth, napkins), kitchen gloves\u2026<br>\u2013 Kitchen utensils: corkscrew\/bottle opener, peeler, pair of scissors, can opener, kitchen spatula, cake spatula, ladle, skimmer, whisk, ice cream scoop\u2026 <\/p>\n<\/div>\n\n\n\n<div class=\"wp-block-column is-vertically-aligned-top is-layout-flow wp-block-column-is-layout-flow\">\n<figure class=\"wp-block-image size-large\"><img loading=\"lazy\" decoding=\"async\" width=\"768\" height=\"1024\" src=\"http:\/\/leclosdesconfidences.com\/wp-content\/uploads\/2023\/05\/Espace-Hi-TECH-768x1024.jpg\" alt=\"\" class=\"wp-image-726\" srcset=\"https:\/\/leclosdesconfidences.com\/wp-content\/uploads\/2023\/05\/Espace-Hi-TECH-768x1024.jpg 768w, https:\/\/leclosdesconfidences.com\/wp-content\/uploads\/2023\/05\/Espace-Hi-TECH-225x300.jpg 225w, https:\/\/leclosdesconfidences.com\/wp-content\/uploads\/2023\/05\/Espace-Hi-TECH-9x12.jpg 9w, https:\/\/leclosdesconfidences.com\/wp-content\/uploads\/2023\/05\/Espace-Hi-TECH.jpg 900w\" sizes=\"auto, (max-width: 768px) 100vw, 768px\" \/><\/figure>\n\n\n\n<h3 class=\"wp-block-heading has-text-align-center\">THE HI-TECH SPACE<\/h3>\n\n\n\n<p>\u2013 Flat screen TV (with remote control)<br>\u2013 Internet box with ethernet cable and WIFI provided<br>- Access to a multitude of French and international channels<br>\u2013 Streaming service (Netflix)<br>\u2013 Radio<br>\u2013 Private telephone<br>\u2013 Connected speaker<br>\u2013 Cordless Dyson vacuum cleaner<br>\u2013 Buffet with board games and books<br><\/p>\n<\/div>\n<\/div>\n<\/div><\/div>\n\n\n\n<div class=\"inherit-container-width wp-block-group alignfull has-ast-global-color-5-background-color has-background is-layout-constrained wp-block-group-is-layout-constrained\"><div class=\"wp-block-group__inner-container\">\n<p>But also :<br>\u2013 Everything you need for maintenance: trash can, sorting bin, shovel\/brush, broom, bucket, broom\/mop, cleaning products, sponges, trash bag, LV tablets\u2026<br>\u2013 Furniture for young children (on request): high chair, crockery service\u2026<br>\u2013 We can also provide you with gym and yoga mats. Do not hesitate to ask us if necessary!<\/p>\n<\/div><\/div>\n\n\n\n<div class=\"wp-block-cover alignfull is-light\"><span aria-hidden=\"true\" class=\"wp-block-cover__background has-background-dim\"><\/span><img loading=\"lazy\" decoding=\"async\" width=\"2560\" height=\"1707\" class=\"wp-block-cover__image-background wp-image-456\" alt=\"\" src=\"http:\/\/leclosdesconfidences.com\/wp-content\/uploads\/2023\/03\/purple-flowers-pop-scaled.jpeg\" data-object-fit=\"cover\" srcset=\"https:\/\/leclosdesconfidences.com\/wp-content\/uploads\/2023\/03\/purple-flowers-pop-scaled.jpeg 2560w, https:\/\/leclosdesconfidences.com\/wp-content\/uploads\/2023\/03\/purple-flowers-pop-300x200.jpeg 300w, https:\/\/leclosdesconfidences.com\/wp-content\/uploads\/2023\/03\/purple-flowers-pop-1024x683.jpeg 1024w, https:\/\/leclosdesconfidences.com\/wp-content\/uploads\/2023\/03\/purple-flowers-pop-768x512.jpeg 768w, https:\/\/leclosdesconfidences.com\/wp-content\/uploads\/2023\/03\/purple-flowers-pop-1536x1024.jpeg 1536w, https:\/\/leclosdesconfidences.com\/wp-content\/uploads\/2023\/03\/purple-flowers-pop-2048x1366.jpeg 2048w, https:\/\/leclosdesconfidences.com\/wp-content\/uploads\/2023\/03\/purple-flowers-pop-18x12.jpeg 18w\" sizes=\"auto, (max-width: 2560px) 100vw, 2560px\" \/><div class=\"wp-block-cover__inner-container is-layout-flow wp-block-cover-is-layout-flow\">\n<h2 class=\"wp-block-heading has-text-align-center \\&quot;has-text-align-center has-ast-global-color-7-color has-text-color\">BOOKING<\/h2>\n\n\n\n<div class=\"wp-block-columns is-layout-flex wp-container-core-columns-is-layout-28f84493 wp-block-columns-is-layout-flex\">\n<div class=\"wp-block-column is-layout-flow wp-block-column-is-layout-flow\">\n<p class=\"has-text-align-center has-ast-global-color-5-color has-text-color\">Did you like the accommodation? <br>For prices and to book <br>live to avoid platform fees, <br>it's here!<\/p>\n\n\n\n<div class=\"wp-block-buttons is-content-justification-center is-layout-flex wp-container-core-buttons-is-layout-a89b3969 wp-block-buttons-is-layout-flex\">\n<div class=\"wp-block-button\"><a class=\"wp-block-button__link wp-element-button\" href=\"http:\/\/leclosdesconfidences.com\/en\/tarifs\/\">BOOKING<\/a><\/div>\n<\/div>\n<\/div>\n\n\n\n<div class=\"wp-block-column is-layout-flow wp-block-column-is-layout-flow\">\n<p class=\"has-text-align-center has-ast-global-color-5-color has-text-color\">To check availability, <br>do not hesitate to contact us <br>or check availability <br>of the accommodation on <a href=\"https:\/\/www.booking.com\/hotel\/fr\/le-clos-des-confidences.html?lang=en-us&amp;soz=1&amp;lang_changed=1\" target=\"_blank\" rel=\"noopener\" title=\"\">Booking.com<\/a><\/p>\n\n\n\n<div class=\"wp-block-buttons is-content-justification-center is-layout-flex wp-container-core-buttons-is-layout-a89b3969 wp-block-buttons-is-layout-flex\">\n<div class=\"wp-block-button\"><a class=\"wp-block-button__link wp-element-button\" href=\"http:\/\/leclosdesconfidences.com\/en\/contact\/\">CONTACT US<\/a><\/div>\n<\/div>\n<\/div>\n<\/div>\n<\/div><\/div>","protected":false},"excerpt":{"rendered":"<p>LES EQUIPEMENTS L&rsquo;ESPACE CONFORT &#8211; Canap\u00e9 convertible&#8211; Avec ses draps, ses oreillers, son alaise (fournis \u00e0 la demande)&#8211; Plaid&#8211; Tables basses&#8211; Tapis &#8211; Lampe Retro&#8211; Po\u00eale \u00e0 granul\u00e9s (granul\u00e9s fournis, avec pelle et aspirateur de cendres)&#8211; Porte manteau&#8211; Range-chaussures\/ banc pour se chausser&#8211; Pantoufles LA CUISINE TOUTE EQUIPEE &#8211; R\u00e9frig\u00e9rateur, cong\u00e9lateur (bacs \u00e0 gla\u00e7ons)&#8211; Four, &hellip;<\/p>\n<p class=\"read-more\"> <a class=\"\" href=\"http:\/\/leclosdesconfidences.com\/en\/salon\/\"> <span class=\"screen-reader-text\">LIVING ROOM<\/span> Read More &raquo;<\/a><\/p>","protected":false},"author":1,"featured_media":0,"parent":0,"menu_order":0,"comment_status":"closed","ping_status":"closed","template":"","meta":{"site-sidebar-layout":"no-sidebar","site-content-layout":"plain-container","ast-global-header-display":"","ast-main-header-display":"","ast-hfb-above-header-display":"","ast-hfb-below-header-display":"","ast-hfb-mobile-header-display":"","site-post-title":"disabled","ast-breadcrumbs-content":"","ast-featured-img":"disabled","footer-sml-layout":"","theme-transparent-header-meta":"enabled","adv-header-id-meta":"","stick-header-meta":"","header-above-stick-meta":"","header-main-stick-meta":"","header-below-stick-meta":"","footnotes":""},"class_list":["post-718","page","type-page","status-publish","hentry"],"aioseo_notices":[],"_links":{"self":[{"href":"http:\/\/leclosdesconfidences.com\/en\/wp-json\/wp\/v2\/pages\/718","targetHints":{"allow":["GET"]}}],"collection":[{"href":"http:\/\/leclosdesconfidences.com\/en\/wp-json\/wp\/v2\/pages"}],"about":[{"href":"http:\/\/leclosdesconfidences.com\/en\/wp-json\/wp\/v2\/types\/page"}],"author":[{"embeddable":true,"href":"http:\/\/leclosdesconfidences.com\/en\/wp-json\/wp\/v2\/users\/1"}],"replies":[{"embeddable":true,"href":"http:\/\/leclosdesconfidences.com\/en\/wp-json\/wp\/v2\/comments?post=718"}],"version-history":[{"count":12,"href":"http:\/\/leclosdesconfidences.com\/en\/wp-json\/wp\/v2\/pages\/718\/revisions"}],"predecessor-version":[{"id":1098,"href":"http:\/\/leclosdesconfidences.com\/en\/wp-json\/wp\/v2\/pages\/718\/revisions\/1098"}],"wp:attachment":[{"href":"http:\/\/leclosdesconfidences.com\/en\/wp-json\/wp\/v2\/media?parent=718"}],"curies":[{"name":"wp","href":"https:\/\/api.w.org\/{rel}","templated":true}]}}