{"id":799,"date":"2023-05-06T16:50:01","date_gmt":"2023-05-06T16:50:01","guid":{"rendered":"http:\/\/leclosdesconfidences.com\/?page_id=799"},"modified":"2023-05-17T11:12:22","modified_gmt":"2023-05-17T11:12:22","slug":"sdb","status":"publish","type":"page","link":"http:\/\/leclosdesconfidences.com\/en\/sdb\/","title":{"rendered":"BATHROOM"},"content":{"rendered":"<div class=\"wp-block-cover alignfull has-parallax\" style=\"min-height:65vh;aspect-ratio:unset;\"><span aria-hidden=\"true\" class=\"wp-block-cover__background has-ast-global-color-0-background-color has-background-dim-60 has-background-dim\"><\/span><div role=\"img\" class=\"wp-block-cover__image-background wp-image-458 has-parallax\" style=\"background-position:50% 50%;background-image:url(http:\/\/leclosdesconfidences.com\/wp-content\/uploads\/2023\/03\/bundle-of-lavender-against-a-yellow-backdrop-scaled.jpeg)\"><\/div><div class=\"wp-block-cover__inner-container is-layout-flow wp-block-cover-is-layout-flow\">\n<p><\/p>\n\n\n\n<h1 class=\"wp-block-heading has-white-color has-text-color\"><br>A MODERN BATHROOM <br>AND ITS INDEPENDENT TOILETS<br><\/h1>\n\n\n\n<p><\/p>\n\n\n\n<p>This bathroom is above all functional and stylish! You will be able to appreciate its bench in the shower area, its built-in taps, its numerous storage spaces and sockets, its towel dryer, its washing machine available, its three mirrors... but also its style, with this variety of materials used: wood, concrete, stone frames, glass\u2026<\/p>\n\n\n\n<p>The little extra: the hygiene products offered, all eco-responsible or eco-label.<\/p>\n<\/div><\/div>\n\n\n\n<p><\/p>\n\n\n\n<div class=\"wp-block-columns is-layout-flex wp-container-core-columns-is-layout-28f84493 wp-block-columns-is-layout-flex\">\n<div class=\"wp-block-column is-layout-flow wp-block-column-is-layout-flow\" style=\"flex-basis:100px\"><\/div>\n\n\n\n<div class=\"wp-block-column is-layout-flow wp-block-column-is-layout-flow\"><div id=\"metaslider-id-810\" style=\"max-width: 1200px;\" class=\"ml-slider-3-60-1 metaslider metaslider-flex metaslider-810 ml-slider ms-theme-default\" role=\"region\" aria-roledescription=\"Slideshow\" aria-label=\"LA SDB\">\n    <div id=\"metaslider_container_810\">\n        <div id=\"metaslider_810\">\n            <ul aria-live=\"polite\" class=\"slides\">\n                <li style=\"display: block; width: 100%;\" class=\"slide-817 ms-image\" aria-roledescription=\"slide\" aria-label=\"slide-817\"><img loading=\"lazy\" decoding=\"async\" width=\"1200\" height=\"800\" src=\"https:\/\/leclosdesconfidences.com\/wp-content\/uploads\/2023\/05\/SDB1-copie.jpg\" class=\"slider-810 slide-817\" alt=\"\" rel=\"\" title=\"SDB1 copie\" srcset=\"https:\/\/leclosdesconfidences.com\/wp-content\/uploads\/2023\/05\/SDB1-copie.jpg 1200w, https:\/\/leclosdesconfidences.com\/wp-content\/uploads\/2023\/05\/SDB1-copie-300x200.jpg 300w, https:\/\/leclosdesconfidences.com\/wp-content\/uploads\/2023\/05\/SDB1-copie-1024x683.jpg 1024w, https:\/\/leclosdesconfidences.com\/wp-content\/uploads\/2023\/05\/SDB1-copie-768x512.jpg 768w, https:\/\/leclosdesconfidences.com\/wp-content\/uploads\/2023\/05\/SDB1-copie-18x12.jpg 18w\" sizes=\"auto, (max-width: 1200px) 100vw, 1200px\" \/><\/li>\n                <li style=\"display: none; width: 100%;\" class=\"slide-821 ms-image\" aria-roledescription=\"slide\" aria-label=\"slide-821\"><img loading=\"lazy\" decoding=\"async\" width=\"1200\" height=\"800\" src=\"https:\/\/leclosdesconfidences.com\/wp-content\/uploads\/2023\/05\/SDB5.jpg\" class=\"slider-810 slide-821\" alt=\"\" rel=\"\" title=\"SDB5\" srcset=\"https:\/\/leclosdesconfidences.com\/wp-content\/uploads\/2023\/05\/SDB5.jpg 1200w, https:\/\/leclosdesconfidences.com\/wp-content\/uploads\/2023\/05\/SDB5-300x200.jpg 300w, https:\/\/leclosdesconfidences.com\/wp-content\/uploads\/2023\/05\/SDB5-1024x683.jpg 1024w, https:\/\/leclosdesconfidences.com\/wp-content\/uploads\/2023\/05\/SDB5-768x512.jpg 768w, https:\/\/leclosdesconfidences.com\/wp-content\/uploads\/2023\/05\/SDB5-18x12.jpg 18w\" sizes=\"auto, (max-width: 1200px) 100vw, 1200px\" \/><\/li>\n                <li style=\"display: none; width: 100%;\" class=\"slide-818 ms-image\" aria-roledescription=\"slide\" aria-label=\"slide-818\"><img loading=\"lazy\" decoding=\"async\" width=\"1200\" height=\"800\" src=\"https:\/\/leclosdesconfidences.com\/wp-content\/uploads\/2023\/05\/SDB2.jpg\" class=\"slider-810 slide-818\" alt=\"\" rel=\"\" title=\"SDB2\" srcset=\"https:\/\/leclosdesconfidences.com\/wp-content\/uploads\/2023\/05\/SDB2.jpg 1200w, https:\/\/leclosdesconfidences.com\/wp-content\/uploads\/2023\/05\/SDB2-300x200.jpg 300w, https:\/\/leclosdesconfidences.com\/wp-content\/uploads\/2023\/05\/SDB2-1024x683.jpg 1024w, https:\/\/leclosdesconfidences.com\/wp-content\/uploads\/2023\/05\/SDB2-768x512.jpg 768w, https:\/\/leclosdesconfidences.com\/wp-content\/uploads\/2023\/05\/SDB2-18x12.jpg 18w\" sizes=\"auto, (max-width: 1200px) 100vw, 1200px\" \/><\/li>\n                <li style=\"display: none; width: 100%;\" class=\"slide-820 ms-image\" aria-roledescription=\"slide\" aria-label=\"slide-820\"><img loading=\"lazy\" decoding=\"async\" width=\"1200\" height=\"800\" src=\"https:\/\/leclosdesconfidences.com\/wp-content\/uploads\/2023\/05\/SDB4.jpg\" class=\"slider-810 slide-820\" alt=\"\" rel=\"\" title=\"SDB4\" srcset=\"https:\/\/leclosdesconfidences.com\/wp-content\/uploads\/2023\/05\/SDB4.jpg 1200w, https:\/\/leclosdesconfidences.com\/wp-content\/uploads\/2023\/05\/SDB4-300x200.jpg 300w, https:\/\/leclosdesconfidences.com\/wp-content\/uploads\/2023\/05\/SDB4-1024x683.jpg 1024w, https:\/\/leclosdesconfidences.com\/wp-content\/uploads\/2023\/05\/SDB4-768x512.jpg 768w, https:\/\/leclosdesconfidences.com\/wp-content\/uploads\/2023\/05\/SDB4-18x12.jpg 18w\" sizes=\"auto, (max-width: 1200px) 100vw, 1200px\" \/><\/li>\n                <li style=\"display: none; width: 100%;\" class=\"slide-819 ms-image\" aria-roledescription=\"slide\" aria-label=\"slide-819\"><img loading=\"lazy\" decoding=\"async\" width=\"1200\" height=\"800\" src=\"https:\/\/leclosdesconfidences.com\/wp-content\/uploads\/2023\/05\/SDB3.jpg\" class=\"slider-810 slide-819\" alt=\"\" rel=\"\" title=\"SDB3\" srcset=\"https:\/\/leclosdesconfidences.com\/wp-content\/uploads\/2023\/05\/SDB3.jpg 1200w, https:\/\/leclosdesconfidences.com\/wp-content\/uploads\/2023\/05\/SDB3-300x200.jpg 300w, https:\/\/leclosdesconfidences.com\/wp-content\/uploads\/2023\/05\/SDB3-1024x683.jpg 1024w, https:\/\/leclosdesconfidences.com\/wp-content\/uploads\/2023\/05\/SDB3-768x512.jpg 768w, https:\/\/leclosdesconfidences.com\/wp-content\/uploads\/2023\/05\/SDB3-18x12.jpg 18w\" sizes=\"auto, (max-width: 1200px) 100vw, 1200px\" \/><\/li>\n                <li style=\"display: none; width: 100%;\" class=\"slide-822 ms-image\" aria-roledescription=\"slide\" aria-label=\"slide-822\"><img loading=\"lazy\" decoding=\"async\" width=\"1200\" height=\"800\" src=\"https:\/\/leclosdesconfidences.com\/wp-content\/uploads\/2023\/05\/SDB6.jpg\" class=\"slider-810 slide-822\" alt=\"\" rel=\"\" title=\"SDB6\" srcset=\"https:\/\/leclosdesconfidences.com\/wp-content\/uploads\/2023\/05\/SDB6.jpg 1200w, https:\/\/leclosdesconfidences.com\/wp-content\/uploads\/2023\/05\/SDB6-300x200.jpg 300w, https:\/\/leclosdesconfidences.com\/wp-content\/uploads\/2023\/05\/SDB6-1024x683.jpg 1024w, https:\/\/leclosdesconfidences.com\/wp-content\/uploads\/2023\/05\/SDB6-768x512.jpg 768w, https:\/\/leclosdesconfidences.com\/wp-content\/uploads\/2023\/05\/SDB6-18x12.jpg 18w\" sizes=\"auto, (max-width: 1200px) 100vw, 1200px\" \/><\/li>\n            <\/ul>\n        <\/div>\n        \n    <\/div>\n<\/div>\n<\/div>\n\n\n\n<div class=\"wp-block-column is-layout-flow wp-block-column-is-layout-flow\" style=\"flex-basis:100px\"><\/div>\n<\/div>\n\n\n\n<div class=\"inherit-container-width wp-block-group alignfull has-ast-global-color-5-background-color has-background is-layout-constrained wp-block-group-is-layout-constrained\"><div class=\"wp-block-group__inner-container\">\n<div class=\"wp-block-columns alignwide are-vertically-aligned-bottom is-layout-flex wp-container-core-columns-is-layout-28f84493 wp-block-columns-is-layout-flex\">\n<div class=\"wp-block-column is-vertically-aligned-bottom is-layout-flow wp-block-column-is-layout-flow\">\n<h2 class=\"wp-block-heading has-text-align-left\">FURNITURE<\/h2>\n<\/div>\n\n\n\n<div class=\"wp-block-column is-vertically-aligned-bottom is-layout-flow wp-block-column-is-layout-flow\"><\/div>\n<\/div>\n\n\n\n<div class=\"wp-block-columns alignwide are-vertically-aligned-top is-layout-flex wp-container-core-columns-is-layout-28f84493 wp-block-columns-is-layout-flex\">\n<div class=\"wp-block-column is-vertically-aligned-top is-layout-flow wp-block-column-is-layout-flow\">\n<figure class=\"wp-block-image size-large\"><img loading=\"lazy\" decoding=\"async\" width=\"768\" height=\"1024\" src=\"http:\/\/leclosdesconfidences.com\/wp-content\/uploads\/2023\/05\/Lespacedouche-copie-768x1024.jpg\" alt=\"\" class=\"wp-image-804\" srcset=\"https:\/\/leclosdesconfidences.com\/wp-content\/uploads\/2023\/05\/Lespacedouche-copie-768x1024.jpg 768w, https:\/\/leclosdesconfidences.com\/wp-content\/uploads\/2023\/05\/Lespacedouche-copie-225x300.jpg 225w, https:\/\/leclosdesconfidences.com\/wp-content\/uploads\/2023\/05\/Lespacedouche-copie-9x12.jpg 9w, https:\/\/leclosdesconfidences.com\/wp-content\/uploads\/2023\/05\/Lespacedouche-copie.jpg 900w\" sizes=\"auto, (max-width: 768px) 100vw, 768px\" \/><\/figure>\n\n\n\n<h3 class=\"wp-block-heading has-text-align-center\">COMFORT SHOWER<\/h3>\n\n\n\n<p>\u2013 Shower bench<br>\u2013 Built-in faucet with shower head and cascading shower.<br>\u2013 Shower gel \/ shampoo from La Savonnette (near Annecy): product of natural origin, organic and French, in eco-refill.<br>\u2013 Shower squeegee<br>- Dry towel<br>\u2013 Hooks (towel rack) <br>\u2013 2 large towels and 2 small towels in organic cotton from Lin Vosges<br><\/p>\n<\/div>\n\n\n\n<div class=\"wp-block-column is-vertically-aligned-top is-layout-flow wp-block-column-is-layout-flow\">\n<figure class=\"wp-block-image size-large\"><img loading=\"lazy\" decoding=\"async\" width=\"768\" height=\"1024\" src=\"http:\/\/leclosdesconfidences.com\/wp-content\/uploads\/2023\/05\/Levier-768x1024.jpg\" alt=\"\" class=\"wp-image-801\" srcset=\"https:\/\/leclosdesconfidences.com\/wp-content\/uploads\/2023\/05\/Levier-768x1024.jpg 768w, https:\/\/leclosdesconfidences.com\/wp-content\/uploads\/2023\/05\/Levier-225x300.jpg 225w, https:\/\/leclosdesconfidences.com\/wp-content\/uploads\/2023\/05\/Levier-9x12.jpg 9w, https:\/\/leclosdesconfidences.com\/wp-content\/uploads\/2023\/05\/Levier.jpg 900w\" sizes=\"auto, (max-width: 768px) 100vw, 768px\" \/><\/figure>\n\n\n\n<h3 class=\"wp-block-heading has-text-align-center\">WASHSTAND<\/h3>\n\n\n\n<p>- Sink&nbsp;<br>- Hand towel<br>- Shower mat&nbsp;<br>\u2013 Laundry basket <br>\u2013 Soap holder and glass for toothbrushes in Terrazzo&nbsp;<br>- Magnifying mirror&nbsp;<br>\u2013 Dimmable backlit mirror<br>\u2013 Full-length mirror <br>\u2013 La Savonnerie hand soaps<\/p>\n<\/div>\n\n\n\n<div class=\"wp-block-column is-vertically-aligned-top is-layout-flow wp-block-column-is-layout-flow\">\n<figure class=\"wp-block-image size-large\"><img loading=\"lazy\" decoding=\"async\" width=\"768\" height=\"1024\" src=\"http:\/\/leclosdesconfidences.com\/wp-content\/uploads\/2023\/05\/Lespacerangement-768x1024.jpg\" alt=\"\" class=\"wp-image-802\" srcset=\"https:\/\/leclosdesconfidences.com\/wp-content\/uploads\/2023\/05\/Lespacerangement-768x1024.jpg 768w, https:\/\/leclosdesconfidences.com\/wp-content\/uploads\/2023\/05\/Lespacerangement-225x300.jpg 225w, https:\/\/leclosdesconfidences.com\/wp-content\/uploads\/2023\/05\/Lespacerangement-9x12.jpg 9w, https:\/\/leclosdesconfidences.com\/wp-content\/uploads\/2023\/05\/Lespacerangement.jpg 900w\" sizes=\"auto, (max-width: 768px) 100vw, 768px\" \/><\/figure>\n\n\n\n<h3 class=\"wp-block-heading has-text-align-center\">STORAGE SPACE<\/h3>\n\n\n\n<p>- Washing machine&nbsp;<br>\u2013 Eco-Label detergent (US) \/washing liquid (UK)<br>- Drying rack<br>- Storage units<br>- Hair dryer<br>\u2013 Storage compartments&nbsp;<\/p>\n<\/div>\n<\/div>\n<\/div><\/div>\n\n\n\n<div class=\"wp-block-cover alignfull is-light\"><span aria-hidden=\"true\" class=\"wp-block-cover__background has-background-dim\"><\/span><img loading=\"lazy\" decoding=\"async\" width=\"2560\" height=\"1707\" class=\"wp-block-cover__image-background wp-image-456\" alt=\"\" src=\"http:\/\/leclosdesconfidences.com\/wp-content\/uploads\/2023\/03\/purple-flowers-pop-scaled.jpeg\" data-object-fit=\"cover\" srcset=\"https:\/\/leclosdesconfidences.com\/wp-content\/uploads\/2023\/03\/purple-flowers-pop-scaled.jpeg 2560w, https:\/\/leclosdesconfidences.com\/wp-content\/uploads\/2023\/03\/purple-flowers-pop-300x200.jpeg 300w, https:\/\/leclosdesconfidences.com\/wp-content\/uploads\/2023\/03\/purple-flowers-pop-1024x683.jpeg 1024w, https:\/\/leclosdesconfidences.com\/wp-content\/uploads\/2023\/03\/purple-flowers-pop-768x512.jpeg 768w, https:\/\/leclosdesconfidences.com\/wp-content\/uploads\/2023\/03\/purple-flowers-pop-1536x1024.jpeg 1536w, https:\/\/leclosdesconfidences.com\/wp-content\/uploads\/2023\/03\/purple-flowers-pop-2048x1366.jpeg 2048w, https:\/\/leclosdesconfidences.com\/wp-content\/uploads\/2023\/03\/purple-flowers-pop-18x12.jpeg 18w\" sizes=\"auto, (max-width: 2560px) 100vw, 2560px\" \/><div class=\"wp-block-cover__inner-container is-layout-flow wp-block-cover-is-layout-flow\">\n<h2 class=\"wp-block-heading has-text-align-center \\&quot;has-text-align-center has-ast-global-color-7-color has-text-color\">BOOKING<\/h2>\n\n\n\n<div class=\"wp-block-columns is-layout-flex wp-container-core-columns-is-layout-28f84493 wp-block-columns-is-layout-flex\">\n<div class=\"wp-block-column is-layout-flow wp-block-column-is-layout-flow\">\n<p class=\"has-text-align-center has-ast-global-color-5-color has-text-color\">Did you like the accommodation? <br>For prices and to book <br>live to avoid platform fees, <br>it's here!<\/p>\n\n\n\n<div class=\"wp-block-buttons is-content-justification-center is-layout-flex wp-container-core-buttons-is-layout-a89b3969 wp-block-buttons-is-layout-flex\">\n<div class=\"wp-block-button\"><a class=\"wp-block-button__link wp-element-button\" href=\"http:\/\/leclosdesconfidences.com\/en\/tarifs\/\">BOOKING<\/a><\/div>\n<\/div>\n<\/div>\n\n\n\n<div class=\"wp-block-column is-layout-flow wp-block-column-is-layout-flow\">\n<p class=\"has-text-align-center has-ast-global-color-5-color has-text-color\">To check availability, <br>do not hesitate to contact us <br>or check availability <br>of the accommodation on <a href=\"https:\/\/www.booking.com\/hotel\/fr\/le-clos-des-confidences.html?lang=en-us&amp;soz=1&amp;lang_changed=1\" target=\"_blank\" rel=\"noopener\" title=\"\">Booking.com<\/a><\/p>\n\n\n\n<div class=\"wp-block-buttons is-content-justification-center is-layout-flex wp-container-core-buttons-is-layout-a89b3969 wp-block-buttons-is-layout-flex\">\n<div class=\"wp-block-button\"><a class=\"wp-block-button__link wp-element-button\" href=\"http:\/\/leclosdesconfidences.com\/en\/contact\/\">CONTACT US<\/a><\/div>\n<\/div>\n<\/div>\n<\/div>\n<\/div><\/div>","protected":false},"excerpt":{"rendered":"<p>LES EQUIPEMENTS LA DOUCHE CONFORT &#8211; Banc de douche&#8211; Robinetterie encastr\u00e9e avec douchette et pommeau en cascade.&#8211; Gel douche \/ shampoing provenant de La Savonnette (proche d&rsquo;Annecy) : produit d&rsquo;origine naturelle, bio et fran\u00e7ais, en eco-recharge.&#8211; Raclette de douche&#8211; S\u00e8che serviette&#8211; Pat\u00e8res (porte-serviettes) &#8211; 2 Grandes serviettes&nbsp;et 2 Petites serviettes&nbsp;en Coton Bio de chez Lin &hellip;<\/p>\n<p class=\"read-more\"> <a class=\"\" href=\"http:\/\/leclosdesconfidences.com\/en\/sdb\/\"> <span class=\"screen-reader-text\">BATHROOM<\/span> Read More &raquo;<\/a><\/p>","protected":false},"author":1,"featured_media":0,"parent":0,"menu_order":0,"comment_status":"closed","ping_status":"closed","template":"","meta":{"site-sidebar-layout":"no-sidebar","site-content-layout":"plain-container","ast-global-header-display":"","ast-main-header-display":"","ast-hfb-above-header-display":"","ast-hfb-below-header-display":"","ast-hfb-mobile-header-display":"","site-post-title":"disabled","ast-breadcrumbs-content":"","ast-featured-img":"disabled","footer-sml-layout":"","theme-transparent-header-meta":"enabled","adv-header-id-meta":"","stick-header-meta":"","header-above-stick-meta":"","header-main-stick-meta":"","header-below-stick-meta":"","footnotes":""},"class_list":["post-799","page","type-page","status-publish","hentry"],"aioseo_notices":[],"_links":{"self":[{"href":"http:\/\/leclosdesconfidences.com\/en\/wp-json\/wp\/v2\/pages\/799","targetHints":{"allow":["GET"]}}],"collection":[{"href":"http:\/\/leclosdesconfidences.com\/en\/wp-json\/wp\/v2\/pages"}],"about":[{"href":"http:\/\/leclosdesconfidences.com\/en\/wp-json\/wp\/v2\/types\/page"}],"author":[{"embeddable":true,"href":"http:\/\/leclosdesconfidences.com\/en\/wp-json\/wp\/v2\/users\/1"}],"replies":[{"embeddable":true,"href":"http:\/\/leclosdesconfidences.com\/en\/wp-json\/wp\/v2\/comments?post=799"}],"version-history":[{"count":10,"href":"http:\/\/leclosdesconfidences.com\/en\/wp-json\/wp\/v2\/pages\/799\/revisions"}],"predecessor-version":[{"id":1100,"href":"http:\/\/leclosdesconfidences.com\/en\/wp-json\/wp\/v2\/pages\/799\/revisions\/1100"}],"wp:attachment":[{"href":"http:\/\/leclosdesconfidences.com\/en\/wp-json\/wp\/v2\/media?parent=799"}],"curies":[{"name":"wp","href":"https:\/\/api.w.org\/{rel}","templated":true}]}}