{"id":829,"date":"2023-05-07T20:51:35","date_gmt":"2023-05-07T20:51:35","guid":{"rendered":"http:\/\/leclosdesconfidences.com\/?page_id=829"},"modified":"2023-05-17T11:10:13","modified_gmt":"2023-05-17T11:10:13","slug":"exterieur-2","status":"publish","type":"page","link":"http:\/\/leclosdesconfidences.com\/en\/exterieur-2\/","title":{"rendered":"OUTSIDE"},"content":{"rendered":"<div class=\"wp-block-cover alignfull has-parallax\" style=\"min-height:65vh;aspect-ratio:unset;\"><span aria-hidden=\"true\" class=\"wp-block-cover__background has-ast-global-color-0-background-color has-background-dim-60 has-background-dim\"><\/span><div role=\"img\" class=\"wp-block-cover__image-background wp-image-458 has-parallax\" style=\"background-position:50% 50%;background-image:url(http:\/\/leclosdesconfidences.com\/wp-content\/uploads\/2023\/03\/bundle-of-lavender-against-a-yellow-backdrop-scaled.jpeg)\"><\/div><div class=\"wp-block-cover__inner-container is-layout-flow wp-block-cover-is-layout-flow\">\n<p><\/p>\n\n\n\n<h1 class=\"wp-block-heading has-white-color has-text-color\"><br>AN EXTERIOR OF 25M2!<\/h1>\n\n\n\n<p><br><\/p>\n\n\n\n<p>What a pleasure to relax on the terrace on sunny days!<br>This pretty courtyard on two levels, allows you to enjoy the Proven\u00e7al climate while being in the center of the village. <br>Luckily, the adjoining street is pedestrianized, deterring the purring of cars from entering the enclosure; and the walls are high enough to preserve your privacy.<br>Welcome to the courtyard of the Clos des Confidences!<\/p>\n<\/div><\/div>\n\n\n\n<p><\/p>\n\n\n\n<div class=\"wp-block-columns is-layout-flex wp-container-core-columns-is-layout-28f84493 wp-block-columns-is-layout-flex\">\n<div class=\"wp-block-column is-layout-flow wp-block-column-is-layout-flow\" style=\"flex-basis:100px\"><\/div>\n\n\n\n<div class=\"wp-block-column is-layout-flow wp-block-column-is-layout-flow\"><div id=\"metaslider-id-678\" style=\"max-width: 1200px;\" class=\"ml-slider-3-60-1 metaslider metaslider-flex metaslider-678 ml-slider ms-theme-default\" role=\"region\" aria-roledescription=\"Slideshow\" aria-label=\"Exterieur\">\n    <div id=\"metaslider_container_678\">\n        <div id=\"metaslider_678\">\n            <ul aria-live=\"polite\" class=\"slides\">\n                <li style=\"display: block; width: 100%;\" class=\"slide-692 ms-image\" aria-roledescription=\"slide\" aria-label=\"slide-692\"><img loading=\"lazy\" decoding=\"async\" width=\"1200\" height=\"800\" src=\"https:\/\/leclosdesconfidences.com\/wp-content\/uploads\/2023\/05\/Exterieur-1-1.jpg\" class=\"slider-678 slide-692\" alt=\"\" rel=\"\" title=\"Exterieur-1-1\" srcset=\"https:\/\/leclosdesconfidences.com\/wp-content\/uploads\/2023\/05\/Exterieur-1-1.jpg 1200w, https:\/\/leclosdesconfidences.com\/wp-content\/uploads\/2023\/05\/Exterieur-1-1-300x200.jpg 300w, https:\/\/leclosdesconfidences.com\/wp-content\/uploads\/2023\/05\/Exterieur-1-1-1024x683.jpg 1024w, https:\/\/leclosdesconfidences.com\/wp-content\/uploads\/2023\/05\/Exterieur-1-1-768x512.jpg 768w, https:\/\/leclosdesconfidences.com\/wp-content\/uploads\/2023\/05\/Exterieur-1-1-18x12.jpg 18w, https:\/\/leclosdesconfidences.com\/wp-content\/uploads\/2023\/05\/Exterieur-1-1-900x600.jpg 900w, https:\/\/leclosdesconfidences.com\/wp-content\/uploads\/2023\/05\/Exterieur-1-1-620x413.jpg 620w, https:\/\/leclosdesconfidences.com\/wp-content\/uploads\/2023\/05\/Exterieur-1-1-400x267.jpg 400w, https:\/\/leclosdesconfidences.com\/wp-content\/uploads\/2023\/05\/Exterieur-1-1-600x400.jpg 600w\" sizes=\"auto, (max-width: 1200px) 100vw, 1200px\" \/><\/li>\n                <li style=\"display: none; width: 100%;\" class=\"slide-691 ms-image\" aria-roledescription=\"slide\" aria-label=\"slide-691\"><img loading=\"lazy\" decoding=\"async\" width=\"1200\" height=\"800\" src=\"https:\/\/leclosdesconfidences.com\/wp-content\/uploads\/2023\/05\/Exterieur-2-1.jpg\" class=\"slider-678 slide-691\" alt=\"\" rel=\"\" title=\"Exterieur-2-1\" srcset=\"https:\/\/leclosdesconfidences.com\/wp-content\/uploads\/2023\/05\/Exterieur-2-1.jpg 1200w, https:\/\/leclosdesconfidences.com\/wp-content\/uploads\/2023\/05\/Exterieur-2-1-300x200.jpg 300w, https:\/\/leclosdesconfidences.com\/wp-content\/uploads\/2023\/05\/Exterieur-2-1-1024x683.jpg 1024w, https:\/\/leclosdesconfidences.com\/wp-content\/uploads\/2023\/05\/Exterieur-2-1-768x512.jpg 768w, https:\/\/leclosdesconfidences.com\/wp-content\/uploads\/2023\/05\/Exterieur-2-1-18x12.jpg 18w, https:\/\/leclosdesconfidences.com\/wp-content\/uploads\/2023\/05\/Exterieur-2-1-900x600.jpg 900w, https:\/\/leclosdesconfidences.com\/wp-content\/uploads\/2023\/05\/Exterieur-2-1-620x413.jpg 620w, https:\/\/leclosdesconfidences.com\/wp-content\/uploads\/2023\/05\/Exterieur-2-1-400x267.jpg 400w, https:\/\/leclosdesconfidences.com\/wp-content\/uploads\/2023\/05\/Exterieur-2-1-600x400.jpg 600w\" sizes=\"auto, (max-width: 1200px) 100vw, 1200px\" \/><\/li>\n                <li style=\"display: none; width: 100%;\" class=\"slide-690 ms-image\" aria-roledescription=\"slide\" aria-label=\"slide-690\"><img loading=\"lazy\" decoding=\"async\" width=\"1200\" height=\"800\" src=\"https:\/\/leclosdesconfidences.com\/wp-content\/uploads\/2023\/05\/Exterieur-3-1.jpg\" class=\"slider-678 slide-690\" alt=\"\" rel=\"\" title=\"Exterieur-3-1\" srcset=\"https:\/\/leclosdesconfidences.com\/wp-content\/uploads\/2023\/05\/Exterieur-3-1.jpg 1200w, https:\/\/leclosdesconfidences.com\/wp-content\/uploads\/2023\/05\/Exterieur-3-1-300x200.jpg 300w, https:\/\/leclosdesconfidences.com\/wp-content\/uploads\/2023\/05\/Exterieur-3-1-1024x683.jpg 1024w, https:\/\/leclosdesconfidences.com\/wp-content\/uploads\/2023\/05\/Exterieur-3-1-768x512.jpg 768w, https:\/\/leclosdesconfidences.com\/wp-content\/uploads\/2023\/05\/Exterieur-3-1-18x12.jpg 18w, https:\/\/leclosdesconfidences.com\/wp-content\/uploads\/2023\/05\/Exterieur-3-1-900x600.jpg 900w, https:\/\/leclosdesconfidences.com\/wp-content\/uploads\/2023\/05\/Exterieur-3-1-620x413.jpg 620w, https:\/\/leclosdesconfidences.com\/wp-content\/uploads\/2023\/05\/Exterieur-3-1-400x267.jpg 400w, https:\/\/leclosdesconfidences.com\/wp-content\/uploads\/2023\/05\/Exterieur-3-1-600x400.jpg 600w\" sizes=\"auto, (max-width: 1200px) 100vw, 1200px\" \/><\/li>\n                <li style=\"display: none; width: 100%;\" class=\"slide-687 ms-image\" aria-roledescription=\"slide\" aria-label=\"slide-687\"><img loading=\"lazy\" decoding=\"async\" width=\"1200\" height=\"800\" src=\"https:\/\/leclosdesconfidences.com\/wp-content\/uploads\/2023\/05\/Exterieur-6-1.jpg\" class=\"slider-678 slide-687\" alt=\"\" rel=\"\" title=\"Exterieur-6-1\" srcset=\"https:\/\/leclosdesconfidences.com\/wp-content\/uploads\/2023\/05\/Exterieur-6-1.jpg 1200w, https:\/\/leclosdesconfidences.com\/wp-content\/uploads\/2023\/05\/Exterieur-6-1-300x200.jpg 300w, https:\/\/leclosdesconfidences.com\/wp-content\/uploads\/2023\/05\/Exterieur-6-1-1024x683.jpg 1024w, https:\/\/leclosdesconfidences.com\/wp-content\/uploads\/2023\/05\/Exterieur-6-1-768x512.jpg 768w, https:\/\/leclosdesconfidences.com\/wp-content\/uploads\/2023\/05\/Exterieur-6-1-18x12.jpg 18w, https:\/\/leclosdesconfidences.com\/wp-content\/uploads\/2023\/05\/Exterieur-6-1-900x600.jpg 900w, https:\/\/leclosdesconfidences.com\/wp-content\/uploads\/2023\/05\/Exterieur-6-1-620x413.jpg 620w, https:\/\/leclosdesconfidences.com\/wp-content\/uploads\/2023\/05\/Exterieur-6-1-400x267.jpg 400w, https:\/\/leclosdesconfidences.com\/wp-content\/uploads\/2023\/05\/Exterieur-6-1-600x400.jpg 600w\" sizes=\"auto, (max-width: 1200px) 100vw, 1200px\" \/><\/li>\n                <li style=\"display: none; width: 100%;\" class=\"slide-689 ms-image\" aria-roledescription=\"slide\" aria-label=\"slide-689\"><img loading=\"lazy\" decoding=\"async\" width=\"1200\" height=\"800\" src=\"https:\/\/leclosdesconfidences.com\/wp-content\/uploads\/2023\/05\/Exterieur-4-1.jpg\" class=\"slider-678 slide-689\" alt=\"\" rel=\"\" title=\"Exterieur-4-1\" srcset=\"https:\/\/leclosdesconfidences.com\/wp-content\/uploads\/2023\/05\/Exterieur-4-1.jpg 1200w, https:\/\/leclosdesconfidences.com\/wp-content\/uploads\/2023\/05\/Exterieur-4-1-300x200.jpg 300w, https:\/\/leclosdesconfidences.com\/wp-content\/uploads\/2023\/05\/Exterieur-4-1-1024x683.jpg 1024w, https:\/\/leclosdesconfidences.com\/wp-content\/uploads\/2023\/05\/Exterieur-4-1-768x512.jpg 768w, https:\/\/leclosdesconfidences.com\/wp-content\/uploads\/2023\/05\/Exterieur-4-1-18x12.jpg 18w, https:\/\/leclosdesconfidences.com\/wp-content\/uploads\/2023\/05\/Exterieur-4-1-900x600.jpg 900w, https:\/\/leclosdesconfidences.com\/wp-content\/uploads\/2023\/05\/Exterieur-4-1-620x413.jpg 620w, https:\/\/leclosdesconfidences.com\/wp-content\/uploads\/2023\/05\/Exterieur-4-1-400x267.jpg 400w, https:\/\/leclosdesconfidences.com\/wp-content\/uploads\/2023\/05\/Exterieur-4-1-600x400.jpg 600w\" sizes=\"auto, (max-width: 1200px) 100vw, 1200px\" \/><\/li>\n                <li style=\"display: none; width: 100%;\" class=\"slide-688 ms-image\" aria-roledescription=\"slide\" aria-label=\"slide-688\"><img loading=\"lazy\" decoding=\"async\" width=\"1200\" height=\"800\" src=\"https:\/\/leclosdesconfidences.com\/wp-content\/uploads\/2023\/05\/Exterieur-5-1.jpg\" class=\"slider-678 slide-688\" alt=\"\" rel=\"\" title=\"Exterieur-5-1\" srcset=\"https:\/\/leclosdesconfidences.com\/wp-content\/uploads\/2023\/05\/Exterieur-5-1.jpg 1200w, https:\/\/leclosdesconfidences.com\/wp-content\/uploads\/2023\/05\/Exterieur-5-1-300x200.jpg 300w, https:\/\/leclosdesconfidences.com\/wp-content\/uploads\/2023\/05\/Exterieur-5-1-1024x683.jpg 1024w, https:\/\/leclosdesconfidences.com\/wp-content\/uploads\/2023\/05\/Exterieur-5-1-768x512.jpg 768w, https:\/\/leclosdesconfidences.com\/wp-content\/uploads\/2023\/05\/Exterieur-5-1-18x12.jpg 18w, https:\/\/leclosdesconfidences.com\/wp-content\/uploads\/2023\/05\/Exterieur-5-1-900x600.jpg 900w, https:\/\/leclosdesconfidences.com\/wp-content\/uploads\/2023\/05\/Exterieur-5-1-620x413.jpg 620w, https:\/\/leclosdesconfidences.com\/wp-content\/uploads\/2023\/05\/Exterieur-5-1-400x267.jpg 400w, https:\/\/leclosdesconfidences.com\/wp-content\/uploads\/2023\/05\/Exterieur-5-1-600x400.jpg 600w\" sizes=\"auto, (max-width: 1200px) 100vw, 1200px\" \/><\/li>\n            <\/ul>\n        <\/div>\n        \n    <\/div>\n<\/div>\n<\/div>\n\n\n\n<div class=\"wp-block-column is-layout-flow wp-block-column-is-layout-flow\" style=\"flex-basis:100px\"><\/div>\n<\/div>\n\n\n\n<div class=\"inherit-container-width wp-block-group alignfull has-ast-global-color-5-background-color has-background is-layout-constrained wp-block-group-is-layout-constrained\"><div class=\"wp-block-group__inner-container\">\n<div class=\"wp-block-columns alignwide are-vertically-aligned-bottom is-layout-flex wp-container-core-columns-is-layout-28f84493 wp-block-columns-is-layout-flex\">\n<div class=\"wp-block-column is-vertically-aligned-bottom is-layout-flow wp-block-column-is-layout-flow\">\n<h2 class=\"wp-block-heading has-text-align-left\">FURNITURE<\/h2>\n<\/div>\n\n\n\n<div class=\"wp-block-column is-vertically-aligned-bottom is-layout-flow wp-block-column-is-layout-flow\">\n<div class=\"wp-block-buttons is-horizontal is-content-justification-right is-layout-flex wp-container-core-buttons-is-layout-30af2ff6 wp-block-buttons-is-layout-flex\"><\/div>\n<\/div>\n<\/div>\n\n\n\n<div class=\"wp-block-columns alignwide are-vertically-aligned-top is-layout-flex wp-container-core-columns-is-layout-28f84493 wp-block-columns-is-layout-flex\">\n<div class=\"wp-block-column is-vertically-aligned-top is-layout-flow wp-block-column-is-layout-flow\">\n<figure class=\"wp-block-image size-large\"><img loading=\"lazy\" decoding=\"async\" width=\"768\" height=\"1024\" src=\"http:\/\/leclosdesconfidences.com\/wp-content\/uploads\/2023\/05\/Salon-de-jardin-768x1024.jpg\" alt=\"\" class=\"wp-image-867\" srcset=\"https:\/\/leclosdesconfidences.com\/wp-content\/uploads\/2023\/05\/Salon-de-jardin-768x1024.jpg 768w, https:\/\/leclosdesconfidences.com\/wp-content\/uploads\/2023\/05\/Salon-de-jardin-225x300.jpg 225w, https:\/\/leclosdesconfidences.com\/wp-content\/uploads\/2023\/05\/Salon-de-jardin-9x12.jpg 9w, https:\/\/leclosdesconfidences.com\/wp-content\/uploads\/2023\/05\/Salon-de-jardin.jpg 900w\" sizes=\"auto, (max-width: 768px) 100vw, 768px\" \/><\/figure>\n\n\n\n<h3 class=\"wp-block-heading has-text-align-center\">GARDEN FURNITURE<\/h3>\n\n\n\n<p>- A garden table<br>- 4 garden chairs<br>- Barbecue (Griddle)<br>- Ashtray<\/p>\n<\/div>\n\n\n\n<div class=\"wp-block-column is-vertically-aligned-top is-layout-flow wp-block-column-is-layout-flow\">\n<figure class=\"wp-block-image size-large\"><img loading=\"lazy\" decoding=\"async\" width=\"768\" height=\"1024\" src=\"http:\/\/leclosdesconfidences.com\/wp-content\/uploads\/2023\/05\/Chaises-longues-768x1024.jpg\" alt=\"\" class=\"wp-image-866\" srcset=\"https:\/\/leclosdesconfidences.com\/wp-content\/uploads\/2023\/05\/Chaises-longues-768x1024.jpg 768w, https:\/\/leclosdesconfidences.com\/wp-content\/uploads\/2023\/05\/Chaises-longues-225x300.jpg 225w, https:\/\/leclosdesconfidences.com\/wp-content\/uploads\/2023\/05\/Chaises-longues-9x12.jpg 9w, https:\/\/leclosdesconfidences.com\/wp-content\/uploads\/2023\/05\/Chaises-longues.jpg 900w\" sizes=\"auto, (max-width: 768px) 100vw, 768px\" \/><\/figure>\n\n\n\n<h3 class=\"wp-block-heading has-text-align-center\">LOUNGE CHAIRS<\/h3>\n<\/div>\n\n\n\n<div class=\"wp-block-column is-vertically-aligned-top is-layout-flow wp-block-column-is-layout-flow\">\n<figure class=\"wp-block-image size-large\"><img loading=\"lazy\" decoding=\"async\" width=\"768\" height=\"1024\" src=\"http:\/\/leclosdesconfidences.com\/wp-content\/uploads\/2023\/05\/Douche-exterieure-768x1024.jpg\" alt=\"\" class=\"wp-image-868\" srcset=\"https:\/\/leclosdesconfidences.com\/wp-content\/uploads\/2023\/05\/Douche-exterieure-768x1024.jpg 768w, https:\/\/leclosdesconfidences.com\/wp-content\/uploads\/2023\/05\/Douche-exterieure-225x300.jpg 225w, https:\/\/leclosdesconfidences.com\/wp-content\/uploads\/2023\/05\/Douche-exterieure-9x12.jpg 9w, https:\/\/leclosdesconfidences.com\/wp-content\/uploads\/2023\/05\/Douche-exterieure.jpg 900w\" sizes=\"auto, (max-width: 768px) 100vw, 768px\" \/><\/figure>\n\n\n\n<h3 class=\"wp-block-heading has-text-align-center\">OUTDOOR SHOWER<\/h3>\n\n\n\n<p>- Broom<br>- Outdoor squeegee<\/p>\n<\/div>\n<\/div>\n<\/div><\/div>\n\n\n\n<div class=\"inherit-container-width wp-block-group alignfull has-ast-global-color-5-background-color has-background is-layout-constrained wp-block-group-is-layout-constrained\"><div class=\"wp-block-group__inner-container\">\n<p>We can provide bicycles. Do not hesitate to ask us if necessary.<\/p>\n<\/div><\/div>\n\n\n\n<div class=\"wp-block-cover alignfull is-light\"><span aria-hidden=\"true\" class=\"wp-block-cover__background has-background-dim\"><\/span><img loading=\"lazy\" decoding=\"async\" width=\"2560\" height=\"1707\" class=\"wp-block-cover__image-background wp-image-456\" alt=\"\" src=\"http:\/\/leclosdesconfidences.com\/wp-content\/uploads\/2023\/03\/purple-flowers-pop-scaled.jpeg\" data-object-fit=\"cover\" srcset=\"https:\/\/leclosdesconfidences.com\/wp-content\/uploads\/2023\/03\/purple-flowers-pop-scaled.jpeg 2560w, https:\/\/leclosdesconfidences.com\/wp-content\/uploads\/2023\/03\/purple-flowers-pop-300x200.jpeg 300w, https:\/\/leclosdesconfidences.com\/wp-content\/uploads\/2023\/03\/purple-flowers-pop-1024x683.jpeg 1024w, https:\/\/leclosdesconfidences.com\/wp-content\/uploads\/2023\/03\/purple-flowers-pop-768x512.jpeg 768w, https:\/\/leclosdesconfidences.com\/wp-content\/uploads\/2023\/03\/purple-flowers-pop-1536x1024.jpeg 1536w, https:\/\/leclosdesconfidences.com\/wp-content\/uploads\/2023\/03\/purple-flowers-pop-2048x1366.jpeg 2048w, https:\/\/leclosdesconfidences.com\/wp-content\/uploads\/2023\/03\/purple-flowers-pop-18x12.jpeg 18w\" sizes=\"auto, (max-width: 2560px) 100vw, 2560px\" \/><div class=\"wp-block-cover__inner-container is-layout-flow wp-block-cover-is-layout-flow\">\n<h2 class=\"wp-block-heading has-text-align-center \\&quot;has-text-align-center has-ast-global-color-7-color has-text-color\">BOOKING<\/h2>\n\n\n\n<div class=\"wp-block-columns is-layout-flex wp-container-core-columns-is-layout-28f84493 wp-block-columns-is-layout-flex\">\n<div class=\"wp-block-column is-layout-flow wp-block-column-is-layout-flow\">\n<p class=\"has-text-align-center has-ast-global-color-5-color has-text-color\">Did you like the accommodation? <br>For prices and to book <br>live to avoid platform fees, <br>it's here!<\/p>\n\n\n\n<div class=\"wp-block-buttons is-content-justification-center is-layout-flex wp-container-core-buttons-is-layout-a89b3969 wp-block-buttons-is-layout-flex\">\n<div class=\"wp-block-button\"><a class=\"wp-block-button__link wp-element-button\" href=\"http:\/\/leclosdesconfidences.com\/en\/tarifs\/\">BOOKING<\/a><\/div>\n<\/div>\n<\/div>\n\n\n\n<div class=\"wp-block-column is-layout-flow wp-block-column-is-layout-flow\">\n<p class=\"has-text-align-center has-ast-global-color-5-color has-text-color\">To check availability, <br>do not hesitate to contact us <br>or check availability <br>of the accommodation on <a href=\"https:\/\/www.booking.com\/hotel\/fr\/le-clos-des-confidences.html?lang=en-us&amp;soz=1&amp;lang_changed=1\" target=\"_blank\" rel=\"noopener\" title=\"\">Booking.com<\/a><\/p>\n\n\n\n<div class=\"wp-block-buttons is-content-justification-center is-layout-flex wp-container-core-buttons-is-layout-a89b3969 wp-block-buttons-is-layout-flex\">\n<div class=\"wp-block-button\"><a class=\"wp-block-button__link wp-element-button\" href=\"http:\/\/leclosdesconfidences.com\/en\/contact\/\">CONTACT US<\/a><\/div>\n<\/div>\n<\/div>\n<\/div>\n<\/div><\/div>","protected":false},"excerpt":{"rendered":"<p>LES EQUIPEMENTS SALON DE JARDIN &#8211; Une table de jardin&#8211; 4 chaises de jardin&#8211; Plancha&#8211; Cendrier CHAISES LONGUES DOUCHE EXTERIEURE &#8211; Balai&#8211; Raclette ext\u00e9rieure Nous pouvons mettre \u00e0 disposition des v\u00e9los. N&rsquo;h\u00e9sitez pas \u00e0 nous demander au besoin.<\/p>","protected":false},"author":1,"featured_media":0,"parent":0,"menu_order":0,"comment_status":"closed","ping_status":"closed","template":"","meta":{"site-sidebar-layout":"no-sidebar","site-content-layout":"plain-container","ast-global-header-display":"","ast-main-header-display":"","ast-hfb-above-header-display":"","ast-hfb-below-header-display":"","ast-hfb-mobile-header-display":"","site-post-title":"disabled","ast-breadcrumbs-content":"","ast-featured-img":"disabled","footer-sml-layout":"","theme-transparent-header-meta":"enabled","adv-header-id-meta":"","stick-header-meta":"","header-above-stick-meta":"","header-main-stick-meta":"","header-below-stick-meta":"","footnotes":""},"class_list":["post-829","page","type-page","status-publish","hentry"],"aioseo_notices":[],"_links":{"self":[{"href":"http:\/\/leclosdesconfidences.com\/en\/wp-json\/wp\/v2\/pages\/829","targetHints":{"allow":["GET"]}}],"collection":[{"href":"http:\/\/leclosdesconfidences.com\/en\/wp-json\/wp\/v2\/pages"}],"about":[{"href":"http:\/\/leclosdesconfidences.com\/en\/wp-json\/wp\/v2\/types\/page"}],"author":[{"embeddable":true,"href":"http:\/\/leclosdesconfidences.com\/en\/wp-json\/wp\/v2\/users\/1"}],"replies":[{"embeddable":true,"href":"http:\/\/leclosdesconfidences.com\/en\/wp-json\/wp\/v2\/comments?post=829"}],"version-history":[{"count":12,"href":"http:\/\/leclosdesconfidences.com\/en\/wp-json\/wp\/v2\/pages\/829\/revisions"}],"predecessor-version":[{"id":1097,"href":"http:\/\/leclosdesconfidences.com\/en\/wp-json\/wp\/v2\/pages\/829\/revisions\/1097"}],"wp:attachment":[{"href":"http:\/\/leclosdesconfidences.com\/en\/wp-json\/wp\/v2\/media?parent=829"}],"curies":[{"name":"wp","href":"https:\/\/api.w.org\/{rel}","templated":true}]}}