{"id":919,"date":"2023-05-08T10:50:58","date_gmt":"2023-05-08T10:50:58","guid":{"rendered":"http:\/\/leclosdesconfidences.com\/?page_id=919"},"modified":"2023-05-08T19:29:21","modified_gmt":"2023-05-08T19:29:21","slug":"la-demarche-ecologique","status":"publish","type":"page","link":"http:\/\/leclosdesconfidences.com\/en\/la-demarche-ecologique\/","title":{"rendered":"THE ECOLOGICAL APPROACH"},"content":{"rendered":"<div class=\"wp-block-cover alignfull has-parallax\" style=\"min-height:415px;aspect-ratio:unset;\"><span aria-hidden=\"true\" class=\"wp-block-cover__background has-ast-global-color-0-background-color has-background-dim-60 has-background-dim\"><\/span><div role=\"img\" class=\"wp-block-cover__image-background wp-image-457 has-parallax\" style=\"background-position:50% 50%;background-image:url(http:\/\/leclosdesconfidences.com\/wp-content\/uploads\/2023\/03\/pink-blanket-with-lavender-bundle-scaled.jpeg)\"><\/div><div class=\"wp-block-cover__inner-container is-layout-flow wp-block-cover-is-layout-flow\">\n<h1 class=\"wp-block-heading has-white-color has-text-color\"><br>THE ECOLOGICAL APPROACH<\/h1>\n\n\n\n<p><br>We are all three sensitive to environmental issues and our impact on this beautiful planet Earth, which must be preserved at all costs.<br>So inevitably, this principle also followed us in this project, whether during the renovations of the accommodation, but also in rental uses, or even on the selection of products made available to our tenants. <br>We do not shout loud and clear that our way of doing things is ideal or perfect, but we try to do the best, if only with small daily gestures, in order to limit our ecological impacts.<br><\/p>\n<\/div><\/div>\n\n\n\n<p><\/p>\n\n\n\n<div class=\"wp-block-columns is-layout-flex wp-container-core-columns-is-layout-28f84493 wp-block-columns-is-layout-flex\">\n<div class=\"wp-block-column is-layout-flow wp-block-column-is-layout-flow\" style=\"flex-basis:33.33%\">\n<h2 class=\"wp-block-heading\">RENOVATIONS<\/h2>\n\n\n\n<figure class=\"wp-block-image aligncenter size-full\"><img loading=\"lazy\" decoding=\"async\" width=\"1000\" height=\"1000\" src=\"http:\/\/leclosdesconfidences.com\/wp-content\/uploads\/2023\/05\/4-4-carre.jpg\" alt=\"\" class=\"wp-image-920\" srcset=\"https:\/\/leclosdesconfidences.com\/wp-content\/uploads\/2023\/05\/4-4-carre.jpg 1000w, https:\/\/leclosdesconfidences.com\/wp-content\/uploads\/2023\/05\/4-4-carre-300x300.jpg 300w, https:\/\/leclosdesconfidences.com\/wp-content\/uploads\/2023\/05\/4-4-carre-150x150.jpg 150w, https:\/\/leclosdesconfidences.com\/wp-content\/uploads\/2023\/05\/4-4-carre-768x768.jpg 768w, https:\/\/leclosdesconfidences.com\/wp-content\/uploads\/2023\/05\/4-4-carre-12x12.jpg 12w\" sizes=\"auto, (max-width: 1000px) 100vw, 1000px\" \/><\/figure>\n<\/div>\n\n\n\n<div class=\"wp-block-column is-layout-flow wp-block-column-is-layout-flow\" style=\"flex-basis:66.66%\">\n<p><\/p>\n\n\n\n<p><strong>GIVE A SECOND LIFE<\/strong><br>Nous avons r\u00e9nov\u00e9 la totalit\u00e9 du logement tout en voulant conserver un maximum de mat\u00e9riaux d\u00e9j\u00e0 pr\u00e9sents, tels que les poutres en bois, le plancher \u00e0 l\u2019\u00e9tage, la vo\u00fbte en pierre, les fen\u00eatres en bois&#8230; afin de leur donner une seconde vie.&nbsp;Le portail ext\u00e9rieur est d\u2019origine \u00e9galement, il a \u00e9t\u00e9 modifi\u00e9 pour permettre une ouverture plus facile de la porte. <\/p>\n\n\n\n<p><strong>REINFORCE INSULATION<\/strong><br>We put double glazing on the windows while keeping their original wooden frame. The large canopy is also all double glazing. However, we had to replace the original one which was much too damaged to be kept.&nbsp;<br>We also insulate the floor, exterior walls and ceilings to limit thermal bridges.<\/p>\n\n\n\n<p><strong>USE OF NATURAL MATERIALS<\/strong><br>We have done our best to avoid the use of highly processed materials such as plastic, and favor natural stone, travertine, wood, iron...<\/p>\n\n\n\n<p><strong>LIMIT THE CONSUMPTION<\/strong><br>The accommodation is fully equipped with low consumption LED bulbs.&nbsp;<br>We have also limited the temperature of the hot water tank to 60\u00b0C to avoid unnecessary overheating, and we have set up a scheduler so that the tank only operates during off-peak hours.<\/p>\n<\/div>\n<\/div>\n\n\n\n<p><\/p>\n\n\n\n<h2 class=\"wp-block-heading has-text-align-center\">PRODUCTS' SELECTION<\/h2>\n\n\n\n<div class=\"wp-block-columns is-layout-flex wp-container-core-columns-is-layout-28f84493 wp-block-columns-is-layout-flex\">\n<div class=\"wp-block-column is-layout-flow wp-block-column-is-layout-flow\">\n<p class=\"has-text-align-center\"><strong>FAVOR ORGANIC, RECYCLABLE,<br>NATURAL PRODUCTS<\/strong><\/p>\n\n\n\n<figure class=\"wp-block-image aligncenter size-full is-resized\"><img loading=\"lazy\" decoding=\"async\" src=\"http:\/\/leclosdesconfidences.com\/wp-content\/uploads\/2023\/05\/Logo-environnement.jpg\" alt=\"\" class=\"wp-image-921\" width=\"303\" height=\"303\" srcset=\"https:\/\/leclosdesconfidences.com\/wp-content\/uploads\/2023\/05\/Logo-environnement.jpg 1000w, https:\/\/leclosdesconfidences.com\/wp-content\/uploads\/2023\/05\/Logo-environnement-300x300.jpg 300w, https:\/\/leclosdesconfidences.com\/wp-content\/uploads\/2023\/05\/Logo-environnement-150x150.jpg 150w, https:\/\/leclosdesconfidences.com\/wp-content\/uploads\/2023\/05\/Logo-environnement-768x768.jpg 768w, https:\/\/leclosdesconfidences.com\/wp-content\/uploads\/2023\/05\/Logo-environnement-12x12.jpg 12w\" sizes=\"auto, (max-width: 303px) 100vw, 303px\" \/><\/figure>\n<\/div>\n\n\n\n<div class=\"wp-block-column is-layout-flow wp-block-column-is-layout-flow\">\n<p class=\"has-text-align-center\"><strong>ENCOURAGE THE LOCAL<\/strong><br>(as possible)<\/p>\n\n\n\n<figure class=\"wp-block-image aligncenter size-full is-resized\"><img loading=\"lazy\" decoding=\"async\" src=\"http:\/\/leclosdesconfidences.com\/wp-content\/uploads\/2023\/05\/LOCAL.jpg\" alt=\"\" class=\"wp-image-922\" width=\"302\" height=\"302\" srcset=\"https:\/\/leclosdesconfidences.com\/wp-content\/uploads\/2023\/05\/LOCAL.jpg 1000w, https:\/\/leclosdesconfidences.com\/wp-content\/uploads\/2023\/05\/LOCAL-300x300.jpg 300w, https:\/\/leclosdesconfidences.com\/wp-content\/uploads\/2023\/05\/LOCAL-150x150.jpg 150w, https:\/\/leclosdesconfidences.com\/wp-content\/uploads\/2023\/05\/LOCAL-768x768.jpg 768w, https:\/\/leclosdesconfidences.com\/wp-content\/uploads\/2023\/05\/LOCAL-12x12.jpg 12w\" sizes=\"auto, (max-width: 302px) 100vw, 302px\" \/><\/figure>\n<\/div>\n<\/div>\n\n\n\n<p>We are rigorous in the selection of products that we make available to our tenants.<br><br>Consumable products are mainly organic, and therefore more responsible.<br>A votre disposition, vous trouverez par exemple le caf\u00e9 \u201c<a href=\"https:\/\/www.terramoka.com\/content\/11-la-marque-terramoka\" target=\"_blank\" rel=\"noopener\" title=\"Terramoka\">Terramoka<\/a>\u201d, an organic coffee roasted in France. It is a coffee of excellence, ethical and eco-responsible. The capsules are 100% compostable. A small box is made available to you to recycle them. Herbal teas and teas are also organic!<br><br>For cleaning, we try to use natural products, which require little or no processing, also avoiding chemicals, such as black soap, household vinegar... or even ecological or eco-labelled products. Some products such as laundry are purchased in bulk to limit packaging.<br><br>We are also committed to reducing our carbon impact while favoring local or French players. <br>For example, you will find in the accommodation the scents and candles \"\u00a0<a href=\"https:\/\/www.durance.fr\/notre-histoire\" target=\"_blank\" rel=\"noopener\" title=\"\">Durance<\/a>\u00a0\" (made in Grignan) and eco-refillable organic shower soaps and shampoos \"<a href=\"https:\/\/www.lasavonnette.com\/actualites\/produit-daccueil-pour-hotel\/\" target=\"_blank\" rel=\"noopener\" title=\"La Savonnette\">La Savonnette<\/a>\u201d (Annecy). <br>We also tell you in our welcome booklet, some good addresses to stock up on fresh and local products!<\/p>\n\n\n\n<h2 class=\"wp-block-heading\">SMALL GESTURES<\/h2>\n\n\n\n<p>Every little gesture counts! We are counting on you, to register in this process, and to make our beautiful duplex an eco-responsible accommodation.<\/p>\n\n\n\n<div class=\"wp-block-columns is-layout-flex wp-container-core-columns-is-layout-28f84493 wp-block-columns-is-layout-flex\">\n<div class=\"wp-block-column is-layout-flow wp-block-column-is-layout-flow\">\n<p class=\"has-text-align-center\"><strong>SOME TIPS FOR SAVING ENERGY<\/strong><\/p>\n\n\n\n<figure class=\"wp-block-image aligncenter size-large is-resized\"><img loading=\"lazy\" decoding=\"async\" src=\"http:\/\/leclosdesconfidences.com\/wp-content\/uploads\/2023\/05\/Lumieres-1024x576.jpg\" alt=\"\" class=\"wp-image-923\" width=\"485\" height=\"272\" srcset=\"https:\/\/leclosdesconfidences.com\/wp-content\/uploads\/2023\/05\/Lumieres-1024x576.jpg 1024w, https:\/\/leclosdesconfidences.com\/wp-content\/uploads\/2023\/05\/Lumieres-300x169.jpg 300w, https:\/\/leclosdesconfidences.com\/wp-content\/uploads\/2023\/05\/Lumieres-768x432.jpg 768w, https:\/\/leclosdesconfidences.com\/wp-content\/uploads\/2023\/05\/Lumieres-18x10.jpg 18w, https:\/\/leclosdesconfidences.com\/wp-content\/uploads\/2023\/05\/Lumieres.jpg 1280w\" sizes=\"auto, (max-width: 485px) 100vw, 485px\" \/><\/figure>\n\n\n\n<ul class=\"wp-block-list\">\n<li>Turn off lights after use<\/li>\n\n\n\n<li>Use heavy equipment outside peak hours (between 10 p.m. and 6 a.m.)<\/li>\n\n\n\n<li>Avoid leaving equipment in standby mode&nbsp;<\/li>\n\n\n\n<li>Unplug inactive devices&nbsp;<\/li>\n\n\n\n<li>Air dry laundry<\/li>\n\n\n\n<li>Open hallway doors and windows at night if possible to cool rooms<\/li>\n<\/ul>\n<\/div>\n\n\n\n<div class=\"wp-block-column is-layout-flow wp-block-column-is-layout-flow\">\n<p class=\"has-text-align-center\"><strong>SOME TIPS TO REDUCE YOUR WATER CONSUMPTION<\/strong><\/p>\n\n\n\n<figure class=\"wp-block-image aligncenter size-large is-resized\"><img loading=\"lazy\" decoding=\"async\" src=\"http:\/\/leclosdesconfidences.com\/wp-content\/uploads\/2023\/05\/eau-1024x576.jpg\" alt=\"\" class=\"wp-image-924\" width=\"492\" height=\"276\" srcset=\"https:\/\/leclosdesconfidences.com\/wp-content\/uploads\/2023\/05\/eau-1024x576.jpg 1024w, https:\/\/leclosdesconfidences.com\/wp-content\/uploads\/2023\/05\/eau-300x169.jpg 300w, https:\/\/leclosdesconfidences.com\/wp-content\/uploads\/2023\/05\/eau-768x432.jpg 768w, https:\/\/leclosdesconfidences.com\/wp-content\/uploads\/2023\/05\/eau-18x10.jpg 18w, https:\/\/leclosdesconfidences.com\/wp-content\/uploads\/2023\/05\/eau.jpg 1280w\" sizes=\"auto, (max-width: 492px) 100vw, 492px\" \/><\/figure>\n\n\n\n<ul class=\"wp-block-list\">\n<li>Turn off the tap when brushing your teeth<\/li>\n\n\n\n<li>Washing fruits and vegetables in a basin of water saves up to 6l\/day. This water can be used for watering plants.&nbsp;<\/li>\n\n\n\n<li>Take quick showers&nbsp;<\/li>\n\n\n\n<li>Use short programs for devices&nbsp;<\/li>\n\n\n\n<li>Avoid letting water run unnecessarily<\/li>\n<\/ul>\n\n\n\n<p><\/p>\n<\/div>\n<\/div>\n\n\n\n<p class=\"has-text-align-center\"><strong>BUT ALSO\u2026<\/strong><br>In the accommodation, we have shared with you some posters and instructions for sorting waste. <br>You will also find a sorting bin and a compost bin.<\/p>\n\n\n\n<p><\/p>\n\n\n\n<div class=\"wp-block-cover alignfull is-light\"><span aria-hidden=\"true\" class=\"wp-block-cover__background has-background-dim\"><\/span><img loading=\"lazy\" decoding=\"async\" width=\"2560\" height=\"1707\" class=\"wp-block-cover__image-background wp-image-456\" alt=\"\" src=\"http:\/\/leclosdesconfidences.com\/wp-content\/uploads\/2023\/03\/purple-flowers-pop-scaled.jpeg\" data-object-fit=\"cover\" srcset=\"https:\/\/leclosdesconfidences.com\/wp-content\/uploads\/2023\/03\/purple-flowers-pop-scaled.jpeg 2560w, https:\/\/leclosdesconfidences.com\/wp-content\/uploads\/2023\/03\/purple-flowers-pop-300x200.jpeg 300w, https:\/\/leclosdesconfidences.com\/wp-content\/uploads\/2023\/03\/purple-flowers-pop-1024x683.jpeg 1024w, https:\/\/leclosdesconfidences.com\/wp-content\/uploads\/2023\/03\/purple-flowers-pop-768x512.jpeg 768w, https:\/\/leclosdesconfidences.com\/wp-content\/uploads\/2023\/03\/purple-flowers-pop-1536x1024.jpeg 1536w, https:\/\/leclosdesconfidences.com\/wp-content\/uploads\/2023\/03\/purple-flowers-pop-2048x1366.jpeg 2048w, https:\/\/leclosdesconfidences.com\/wp-content\/uploads\/2023\/03\/purple-flowers-pop-18x12.jpeg 18w\" sizes=\"auto, (max-width: 2560px) 100vw, 2560px\" \/><div class=\"wp-block-cover__inner-container is-layout-flow wp-block-cover-is-layout-flow\">\n<h2 class=\"wp-block-heading has-text-align-center \\&quot;has-text-align-center has-ast-global-color-7-color has-text-color\">BOOKING<\/h2>\n\n\n\n<div class=\"wp-block-columns is-layout-flex wp-container-core-columns-is-layout-28f84493 wp-block-columns-is-layout-flex\">\n<div class=\"wp-block-column is-layout-flow wp-block-column-is-layout-flow\">\n<p class=\"has-text-align-center has-ast-global-color-5-color has-text-color\">Did you like the accommodation? <br>For prices and to book <br>live to avoid platform fees, <br>it's here!<\/p>\n\n\n\n<div class=\"wp-block-buttons is-content-justification-center is-layout-flex wp-container-core-buttons-is-layout-a89b3969 wp-block-buttons-is-layout-flex\">\n<div class=\"wp-block-button\"><a class=\"wp-block-button__link wp-element-button\" href=\"http:\/\/leclosdesconfidences.com\/en\/tarifs\/\">BOOKING<\/a><\/div>\n<\/div>\n<\/div>\n\n\n\n<div class=\"wp-block-column is-layout-flow wp-block-column-is-layout-flow\">\n<p class=\"has-text-align-center has-ast-global-color-5-color has-text-color\">To check availability, <br>do not hesitate to contact us <br>or check availability <br>of the accommodation on <a href=\"https:\/\/www.booking.com\/hotel\/fr\/le-clos-des-confidences.html?lang=en-us&amp;soz=1&amp;lang_changed=1\" target=\"_blank\" rel=\"noopener\" title=\"\">Booking.com<\/a><\/p>\n\n\n\n<div class=\"wp-block-buttons is-content-justification-center is-layout-flex wp-container-core-buttons-is-layout-a89b3969 wp-block-buttons-is-layout-flex\">\n<div class=\"wp-block-button\"><a class=\"wp-block-button__link wp-element-button\" href=\"http:\/\/leclosdesconfidences.com\/en\/contact\/\">CONTACT US<\/a><\/div>\n<\/div>\n<\/div>\n<\/div>\n<\/div><\/div>\n\n\n\n<p><\/p>","protected":false},"excerpt":{"rendered":"<p>RENOVATIONS DONNER UNE SECONDE VIENous avons r\u00e9nov\u00e9 la totalit\u00e9 du logement tout en voulant conserver un maximum de mat\u00e9riaux d\u00e9j\u00e0 pr\u00e9sents, tels que les poutres en bois, le plancher \u00e0 l\u2019\u00e9tage, la vo\u00fbte en pierre, les fen\u00eatres en bois&#8230; afin de leur donner une seconde vie.&nbsp;Le portail ext\u00e9rieur est d\u2019origine \u00e9galement, il a \u00e9t\u00e9 modifi\u00e9 &hellip;<\/p>\n<p class=\"read-more\"> <a class=\"\" href=\"http:\/\/leclosdesconfidences.com\/en\/la-demarche-ecologique\/\"> <span class=\"screen-reader-text\">THE ECOLOGICAL APPROACH<\/span> Read More &raquo;<\/a><\/p>","protected":false},"author":1,"featured_media":0,"parent":0,"menu_order":0,"comment_status":"closed","ping_status":"closed","template":"","meta":{"site-sidebar-layout":"no-sidebar","site-content-layout":"plain-container","ast-global-header-display":"","ast-main-header-display":"","ast-hfb-above-header-display":"","ast-hfb-below-header-display":"","ast-hfb-mobile-header-display":"","site-post-title":"disabled","ast-breadcrumbs-content":"","ast-featured-img":"disabled","footer-sml-layout":"","theme-transparent-header-meta":"enabled","adv-header-id-meta":"","stick-header-meta":"","header-above-stick-meta":"","header-main-stick-meta":"","header-below-stick-meta":"","footnotes":""},"class_list":["post-919","page","type-page","status-publish","hentry"],"aioseo_notices":[],"_links":{"self":[{"href":"http:\/\/leclosdesconfidences.com\/en\/wp-json\/wp\/v2\/pages\/919","targetHints":{"allow":["GET"]}}],"collection":[{"href":"http:\/\/leclosdesconfidences.com\/en\/wp-json\/wp\/v2\/pages"}],"about":[{"href":"http:\/\/leclosdesconfidences.com\/en\/wp-json\/wp\/v2\/types\/page"}],"author":[{"embeddable":true,"href":"http:\/\/leclosdesconfidences.com\/en\/wp-json\/wp\/v2\/users\/1"}],"replies":[{"embeddable":true,"href":"http:\/\/leclosdesconfidences.com\/en\/wp-json\/wp\/v2\/comments?post=919"}],"version-history":[{"count":3,"href":"http:\/\/leclosdesconfidences.com\/en\/wp-json\/wp\/v2\/pages\/919\/revisions"}],"predecessor-version":[{"id":1056,"href":"http:\/\/leclosdesconfidences.com\/en\/wp-json\/wp\/v2\/pages\/919\/revisions\/1056"}],"wp:attachment":[{"href":"http:\/\/leclosdesconfidences.com\/en\/wp-json\/wp\/v2\/media?parent=919"}],"curies":[{"name":"wp","href":"https:\/\/api.w.org\/{rel}","templated":true}]}}